{"id":3769,"date":"2019-03-25T22:07:26","date_gmt":"2019-03-26T02:07:26","guid":{"rendered":"https:\/\/www.arcutis.ca\/innovation-significative\/"},"modified":"2025-01-28T12:06:01","modified_gmt":"2025-01-28T17:06:01","slug":"innovation-significative","status":"publish","type":"page","link":"https:\/\/www.arcutis.ca\/fr\/innovation-significative\/","title":{"rendered":"Innovation significative"},"content":{"rendered":"\n<div class=\"wp-block-columns innovation-focus-areas is-layout-flex wp-container-core-columns-is-layout-9d6595d7 wp-block-columns-is-layout-flex\">\n<div class=\"wp-block-column col-md-5 is-layout-flow wp-block-column-is-layout-flow\">\n<h2 class=\"wp-block-heading\">Priorit\u00e9s<\/h2>\n\n\n\n<p>Nous orientons nos efforts vers des domaines sp\u00e9cifiques de la dermatologie, ce qui nous permet de cibler les besoins non combl\u00e9s des patients.<\/p>\n\n\n\n<div class=\"wp-block-buttons is-layout-flex wp-block-buttons-is-layout-flex\">\n<div class=\"wp-block-button buttonfixfocus btnnextto\"><a class=\"wp-block-button__link has-dark-black-color has-primary-background-color has-text-color has-background wp-element-button\" href=\"https:\/\/www.arcutis.ca\/fr\/innovation-significative\/psoriasis-en-plaques\/\">Psoriasis en plaques<\/a><\/div>\n\n\n\n<div class=\"wp-block-button buttonfixfocus  btnnexttop\"><a class=\"wp-block-button__link has-dark-black-color has-primary-background-color has-text-color has-background wp-element-button\" href=\"https:\/\/www.arcutis.ca\/fr\/innovation-significative\/dermatite-seborrheique\/\">Dermatite s\u00e9borrh\u00e9ique<\/a><\/div>\n\n\n\n<div class=\"wp-block-button buttonfixfocus  btnnexttop\"><a class=\"wp-block-button__link has-dark-black-color has-primary-background-color has-text-color has-background wp-element-button\" href=\"https:\/\/www.arcutis.ca\/fr\/innovation-significative\/dermatite-atopique\/\">Dermatite atopique<\/a><\/div>\n<\/div>\n<\/div>\n\n\n\n<div class=\"wp-block-column offset-md-1 col-md-6 is-layout-flow wp-block-column-is-layout-flow\">\n<figure class=\"wp-block-image size-full\"><img loading=\"lazy\" decoding=\"async\" width=\"1080\" height=\"812\" src=\"https:\/\/www.arcutis.ca\/wp-content\/uploads\/2021\/09\/arcutis-meaningful-accent2.jpg\" alt=\"Patient qui tire ses cheveux vers l\u2019arri\u00e8re pour montrer le psoriasis sur son cr\u00e2ne.\" class=\"wp-image-1511\" srcset=\"https:\/\/www.arcutis.ca\/wp-content\/uploads\/2021\/09\/arcutis-meaningful-accent2.jpg 1080w, https:\/\/www.arcutis.ca\/wp-content\/uploads\/2021\/09\/arcutis-meaningful-accent2-960x722.jpg 960w, https:\/\/www.arcutis.ca\/wp-content\/uploads\/2021\/09\/arcutis-meaningful-accent2-640x481.jpg 640w, https:\/\/www.arcutis.ca\/wp-content\/uploads\/2021\/09\/arcutis-meaningful-accent2-768x577.jpg 768w, https:\/\/www.arcutis.ca\/wp-content\/uploads\/2021\/09\/arcutis-meaningful-accent2-320x241.jpg 320w\" sizes=\"auto, (max-width: 1080px) 100vw, 1080px\" \/><\/figure>\n<\/div>\n<\/div>\n\n\n\n<div class=\"wp-block-columns my-6 pd-offset-section lb-learn-more-innovation has-primary-background-color has-background is-layout-flex wp-container-core-columns-is-layout-9d6595d7 wp-block-columns-is-layout-flex\">\n<div class=\"wp-block-column col-md-5 position-relative is-layout-flow wp-block-column-is-layout-flow\">\n<figure class=\"wp-block-image size-full lb-innovation-img-1\"><img loading=\"lazy\" decoding=\"async\" width=\"700\" height=\"932\" src=\"https:\/\/www.arcutis.ca\/wp-content\/uploads\/2021\/09\/arcutis-meaningful-accent.jpg\" alt=\"Un genou avec une large plaque de psoriasis\" class=\"wp-image-1506\" srcset=\"https:\/\/www.arcutis.ca\/wp-content\/uploads\/2021\/09\/arcutis-meaningful-accent.jpg 700w, https:\/\/www.arcutis.ca\/wp-content\/uploads\/2021\/09\/arcutis-meaningful-accent-640x852.jpg 640w, https:\/\/www.arcutis.ca\/wp-content\/uploads\/2021\/09\/arcutis-meaningful-accent-320x426.jpg 320w\" sizes=\"auto, (max-width: 700px) 100vw, 700px\" \/><\/figure>\n\n\n\n<figure class=\"wp-block-image size-full lb-innovation-img-2\"><img loading=\"lazy\" decoding=\"async\" width=\"540\" height=\"406\" src=\"https:\/\/www.arcutis.ca\/wp-content\/uploads\/arcutis-foam-accent-fpo1.jpg\" alt=\"Le nez, la bouche et menton d\u2019une patiente avec une maladie de peau.\" class=\"wp-image-3839\"\/><\/figure>\n<\/div>\n\n\n\n<div class=\"wp-block-column offset-md-1 col-md-6 py-4 is-layout-flow wp-block-column-is-layout-flow\">\n<h2 class=\"wp-block-heading\">Produits en d\u00e9veloppement<\/h2>\n\n\n\n<p class=\"mb-3\">D\u00e9couvrez notre approche en mati\u00e8re d\u2019innovation significative.<\/p>\n\n\n\n<div class=\"wp-block-buttons is-layout-flex wp-block-buttons-is-layout-flex\">\n<div class=\"wp-block-button\"><a class=\"wp-block-button__link has-black-color has-white-background-color has-text-color has-background wp-element-button\" href=\"https:\/\/www.arcutis.com\/pipeline\/\" target=\"_blank\" rel=\"noreferrer noopener\">Pour en savoir plus<\/a><\/div>\n<\/div>\n<\/div>\n<\/div>\n\n\n\n<div class=\"wp-block-columns searchbar-cta is-layout-flex wp-container-core-columns-is-layout-9d6595d7 wp-block-columns-is-layout-flex\">\n<div class=\"wp-block-column col-md-7 is-layout-flow wp-block-column-is-layout-flow\">\n<h2 class=\"wp-block-heading\">Utilisez la barre de recherche pour explorer le contenu li\u00e9 et en savoir plus sur les sujets pertinents.<\/h2>\n\n\n\n<p>\u00c9tudes en anglais seulement. Pour parvenir \u00e0 des r\u00e9sultats, veuillez entrer des mots-cl\u00e9s en anglais.<\/p>\n<\/div>\n\n\n\n<div class=\"wp-block-column col-md-5 searchbar-form-wrapper is-layout-flow wp-block-column-is-layout-flow\">        <form class=\"lb-searchform\" action=\"https:\/\/www.arcutis.ca\" method=\"get\">\r\n            <input aria-label=\"Rechercher\" type=\"text\" name=\"s\" placeholder=\"Rechercher\">\r\n            <button title=\"Submit\" type=\"submit\"><svg xmlns=\"http:\/\/www.w3.org\/2000\/svg\" width=\"18.434\" height=\"19.315\" viewBox=\"0 0 18.434 19.315\"> <g transform=\"translate(-1091 -1582)\"> <g transform=\"translate(1091 1582)\" fill=\"#fff\" stroke=\"#707070\" stroke-width=\"1\"> <circle cx=\"7.938\" cy=\"7.938\" r=\"7.938\" stroke=\"none\"\/> <circle cx=\"7.938\" cy=\"7.938\" r=\"7.438\" fill=\"none\"\/> <\/g> <line x2=\"5.292\" y2=\"5.292\" transform=\"translate(1103.788 1595.67)\" fill=\"none\" stroke=\"#707070\" stroke-width=\"1\"\/> <\/g> <\/svg> <\/button>\r\n        <\/form>\r\n                    <small>Entrer des mots-cl\u00e9s en anglais seulement.<\/small>\r\n            \n<\/div>\n<\/div>\n","protected":false},"excerpt":{"rendered":"Priorit\u00e9s Nous orientons nos efforts vers des domaines sp\u00e9cifiques de la dermatologie, ce qui nous [&hellip;]","protected":false},"author":17,"featured_media":3683,"parent":0,"menu_order":3,"comment_status":"closed","ping_status":"closed","template":"","meta":{"_relevanssi_hide_post":"","_relevanssi_hide_content":"","_relevanssi_pin_for_all":"","_relevanssi_pin_keywords":"","_relevanssi_unpin_keywords":"","_relevanssi_related_keywords":"","_relevanssi_related_include_ids":"","_relevanssi_related_exclude_ids":"","_relevanssi_related_no_append":"","_relevanssi_related_not_related":"","_relevanssi_related_posts":"4273","_relevanssi_noindex_reason":"","inline_featured_image":false,"footnotes":""},"class_list":["post-3769","page","type-page","status-publish","has-post-thumbnail","hentry"],"acf":[],"_links":{"self":[{"href":"https:\/\/www.arcutis.ca\/fr\/wp-json\/wp\/v2\/pages\/3769","targetHints":{"allow":["GET"]}}],"collection":[{"href":"https:\/\/www.arcutis.ca\/fr\/wp-json\/wp\/v2\/pages"}],"about":[{"href":"https:\/\/www.arcutis.ca\/fr\/wp-json\/wp\/v2\/types\/page"}],"author":[{"embeddable":true,"href":"https:\/\/www.arcutis.ca\/fr\/wp-json\/wp\/v2\/users\/17"}],"replies":[{"embeddable":true,"href":"https:\/\/www.arcutis.ca\/fr\/wp-json\/wp\/v2\/comments?post=3769"}],"version-history":[{"count":17,"href":"https:\/\/www.arcutis.ca\/fr\/wp-json\/wp\/v2\/pages\/3769\/revisions"}],"predecessor-version":[{"id":5094,"href":"https:\/\/www.arcutis.ca\/fr\/wp-json\/wp\/v2\/pages\/3769\/revisions\/5094"}],"wp:featuredmedia":[{"embeddable":true,"href":"https:\/\/www.arcutis.ca\/fr\/wp-json\/wp\/v2\/media\/3683"}],"wp:attachment":[{"href":"https:\/\/www.arcutis.ca\/fr\/wp-json\/wp\/v2\/media?parent=3769"}],"curies":[{"name":"wp","href":"https:\/\/api.w.org\/{rel}","templated":true}]}}