{"id":3785,"date":"2023-02-22T08:46:48","date_gmt":"2023-02-22T13:46:48","guid":{"rendered":"https:\/\/www.arcutis.ca\/programmes-daide-aux-patients\/"},"modified":"2024-03-20T09:17:23","modified_gmt":"2024-03-20T13:17:23","slug":"programme-daide-aux-patients","status":"publish","type":"page","link":"https:\/\/www.arcutis.ca\/fr\/programme-daide-aux-patients\/","title":{"rendered":"Programme d\u2019aide aux patients"},"content":{"rendered":"\n<div class=\"wp-block-columns pap-content-1 is-layout-flex wp-container-core-columns-is-layout-9d6595d7 wp-block-columns-is-layout-flex\">\n<div class=\"wp-block-column is-layout-flow wp-block-column-is-layout-flow\">\n<figure class=\"wp-block-image size-full\"><img loading=\"lazy\" decoding=\"async\" width=\"1254\" height=\"836\" src=\"https:\/\/www.arcutis.ca\/wp-content\/uploads\/two-hands.jpg\" alt=\"Les deux mains d\u2019une personne entourant la main d\u2019Une autre personne.\" class=\"wp-image-4313\" srcset=\"https:\/\/www.arcutis.ca\/wp-content\/uploads\/two-hands.jpg 1254w, https:\/\/www.arcutis.ca\/wp-content\/uploads\/two-hands-960x640.jpg 960w, https:\/\/www.arcutis.ca\/wp-content\/uploads\/two-hands-640x427.jpg 640w, https:\/\/www.arcutis.ca\/wp-content\/uploads\/two-hands-768x512.jpg 768w\" sizes=\"auto, (max-width: 1254px) 100vw, 1254px\" \/><\/figure>\n<\/div>\n\n\n\n<div class=\"wp-block-column is-vertically-aligned-center is-layout-flow wp-block-column-is-layout-flow\">\n<p>Arcutis Canada offre une aide financi\u00e8re aux patients souhaitant avoir acc\u00e8s \u00e0 <sup>Pr<\/sup>ZORYVE<sup>\u00ae<\/sup>. Parlez du programme d\u2019aide aux patients Assistance ZORYVE<sup>MC<\/sup> avec votre professionnel de la sant\u00e9.<\/p>\n<\/div>\n<\/div>\n","protected":false},"excerpt":{"rendered":"Arcutis Canada offre une aide financi\u00e8re aux patients souhaitant avoir acc\u00e8s \u00e0 PrZORYVE\u00ae. Parlez du [&hellip;]","protected":false},"author":19,"featured_media":3643,"parent":0,"menu_order":0,"comment_status":"closed","ping_status":"closed","template":"","meta":{"_relevanssi_hide_post":"","_relevanssi_hide_content":"","_relevanssi_pin_for_all":"","_relevanssi_pin_keywords":"","_relevanssi_unpin_keywords":"","_relevanssi_related_keywords":"","_relevanssi_related_include_ids":"","_relevanssi_related_exclude_ids":"","_relevanssi_related_no_append":"","_relevanssi_related_not_related":"","_relevanssi_related_posts":"4273","_relevanssi_noindex_reason":"","inline_featured_image":false,"footnotes":""},"class_list":["post-3785","page","type-page","status-publish","has-post-thumbnail","hentry"],"acf":[],"_links":{"self":[{"href":"https:\/\/www.arcutis.ca\/fr\/wp-json\/wp\/v2\/pages\/3785","targetHints":{"allow":["GET"]}}],"collection":[{"href":"https:\/\/www.arcutis.ca\/fr\/wp-json\/wp\/v2\/pages"}],"about":[{"href":"https:\/\/www.arcutis.ca\/fr\/wp-json\/wp\/v2\/types\/page"}],"author":[{"embeddable":true,"href":"https:\/\/www.arcutis.ca\/fr\/wp-json\/wp\/v2\/users\/19"}],"replies":[{"embeddable":true,"href":"https:\/\/www.arcutis.ca\/fr\/wp-json\/wp\/v2\/comments?post=3785"}],"version-history":[{"count":11,"href":"https:\/\/www.arcutis.ca\/fr\/wp-json\/wp\/v2\/pages\/3785\/revisions"}],"predecessor-version":[{"id":4695,"href":"https:\/\/www.arcutis.ca\/fr\/wp-json\/wp\/v2\/pages\/3785\/revisions\/4695"}],"wp:featuredmedia":[{"embeddable":true,"href":"https:\/\/www.arcutis.ca\/fr\/wp-json\/wp\/v2\/media\/3643"}],"wp:attachment":[{"href":"https:\/\/www.arcutis.ca\/fr\/wp-json\/wp\/v2\/media?parent=3785"}],"curies":[{"name":"wp","href":"https:\/\/api.w.org\/{rel}","templated":true}]}}