{"id":3790,"date":"2019-04-12T20:21:10","date_gmt":"2019-04-13T00:21:10","guid":{"rendered":"https:\/\/www.arcutis.ca\/contact\/"},"modified":"2025-01-09T14:22:38","modified_gmt":"2025-01-09T19:22:38","slug":"contact","status":"publish","type":"page","link":"https:\/\/www.arcutis.ca\/fr\/contact\/","title":{"rendered":"Pour nous joindre"},"content":{"rendered":"\n<div class=\"wp-block-columns mb-6 is-layout-flex wp-container-core-columns-is-layout-9d6595d7 wp-block-columns-is-layout-flex\">\n<div class=\"wp-block-column mb-4 is-layout-flow wp-block-column-is-layout-flow\">\n<h4 class=\"wp-block-heading mb-0\">Arcutis Canada, Inc.<\/h4>\n\n\n\n<p>5200 Yonge St, 2nd Floor<br>North York, ON M2N 5P6<\/p>\n\n\n\n<div class=\"wp-block-group my-4 is-layout-constrained wp-block-group-is-layout-constrained\">\n<h4 class=\"wp-block-heading mb-0\">Pour nous joindre<\/h4>\n\n\n\n<p class=\"mb-4\"><a href=\"mailto:canada@arcutis.com\">canada@arcutis.com<\/a><\/p>\n<\/div>\n\n\n\n<div class=\"wp-block-group mb-4 is-layout-constrained wp-block-group-is-layout-constrained\">\n<h4 class=\"wp-block-heading mb-0\">M\u00e9dias<\/h4>\n\n\n\n<p><a href=\"mailto:media@arcutis.com\">media@arcutis.com<\/a><\/p>\n<\/div>\n\n\n\n<h4 class=\"wp-block-heading mb-0\">Programme d&rsquo;aide aux patients :<br\/><\/h4>\n\n\n\n<p><strong>assistanceZORYVE<sup>MC<\/sup><\/strong>, du lundi au vendredi, de 8 h \u00e0 17 h (heure de l&rsquo;Est) <br>Le service est offert en fran\u00e7ais et en anglais.<br>1-855-ZORYVE9 ou 1-855-967-9839<br><a href=\"mailto:zoryveassist@arcutis.com\">zoryveassist@arcutis.com<\/a><br><\/p>\n\n\n\n<br\/>\n\n\n\n<p class=\"mb-4\">Pour signaler un \u00e9v\u00e9nement ind\u00e9sirable ou formuler une plainte au sujet d\u2019un produit, communiquez avec Arcutis au 1\u2011844\u2011692\u20116729.<\/p>\n\n\n\n<p>Pour obtenir des renseignements m\u00e9dicaux, cliquez <a href=\"https:\/\/mi-ssp.scimaxmi.com\/Arcutis-MI-Canada\" target=\"_blank\" rel=\"noreferrer noopener\">ici<\/a>.<\/p>\n<\/div>\n\n\n\n<div class=\"wp-block-column is-layout-flow wp-block-column-is-layout-flow\"><script type=\"text\/javascript\">\n\/* <![CDATA[ *\/\nvar gform;gform||(document.addEventListener(\"gform_main_scripts_loaded\",function(){gform.scriptsLoaded=!0}),document.addEventListener(\"gform\/theme\/scripts_loaded\",function(){gform.themeScriptsLoaded=!0}),window.addEventListener(\"DOMContentLoaded\",function(){gform.domLoaded=!0}),gform={domLoaded:!1,scriptsLoaded:!1,themeScriptsLoaded:!1,isFormEditor:()=>\"function\"==typeof InitializeEditor,callIfLoaded:function(o){return!(!gform.domLoaded||!gform.scriptsLoaded||!gform.themeScriptsLoaded&&!gform.isFormEditor()||(gform.isFormEditor()&&console.warn(\"The use of gform.initializeOnLoaded() is deprecated in the form editor context and will be removed in Gravity Forms 3.1.\"),o(),0))},initializeOnLoaded:function(o){gform.callIfLoaded(o)||(document.addEventListener(\"gform_main_scripts_loaded\",()=>{gform.scriptsLoaded=!0,gform.callIfLoaded(o)}),document.addEventListener(\"gform\/theme\/scripts_loaded\",()=>{gform.themeScriptsLoaded=!0,gform.callIfLoaded(o)}),window.addEventListener(\"DOMContentLoaded\",()=>{gform.domLoaded=!0,gform.callIfLoaded(o)}))},hooks:{action:{},filter:{}},addAction:function(o,r,e,t){gform.addHook(\"action\",o,r,e,t)},addFilter:function(o,r,e,t){gform.addHook(\"filter\",o,r,e,t)},doAction:function(o){gform.doHook(\"action\",o,arguments)},applyFilters:function(o){return gform.doHook(\"filter\",o,arguments)},removeAction:function(o,r){gform.removeHook(\"action\",o,r)},removeFilter:function(o,r,e){gform.removeHook(\"filter\",o,r,e)},addHook:function(o,r,e,t,n){null==gform.hooks[o][r]&&(gform.hooks[o][r]=[]);var d=gform.hooks[o][r];null==n&&(n=r+\"_\"+d.length),gform.hooks[o][r].push({tag:n,callable:e,priority:t=null==t?10:t})},doHook:function(r,o,e){var t;if(e=Array.prototype.slice.call(e,1),null!=gform.hooks[r][o]&&((o=gform.hooks[r][o]).sort(function(o,r){return o.priority-r.priority}),o.forEach(function(o){\"function\"!=typeof(t=o.callable)&&(t=window[t]),\"action\"==r?t.apply(null,e):e[0]=t.apply(null,e)})),\"filter\"==r)return e[0]},removeHook:function(o,r,t,n){var e;null!=gform.hooks[o][r]&&(e=(e=gform.hooks[o][r]).filter(function(o,r,e){return!!(null!=n&&n!=o.tag||null!=t&&t!=o.priority)}),gform.hooks[o][r]=e)}});\n\/* ]]> *\/\n<\/script>\n\n                <div class='gf_browser_gecko gform_wrapper gravity-theme gform-theme--no-framework pd-form-button-primary_wrapper form-footer-right_wrapper' data-form-theme='gravity-theme' data-form-index='0' id='gform_wrapper_3' style='display:none'><div id='gf_3' class='gform_anchor' tabindex='-1'><\/div>\n                        <div class='gform_heading'>\n\t\t\t\t\t\t\t<p class='gform_required_legend'>\u00ab\u00a0<span class=\"gfield_required gfield_required_asterisk\">*<\/span>\u00a0\u00bb indique les champs n\u00e9cessaires<\/p>\n                        <\/div><form method='post' enctype='multipart\/form-data' target='gform_ajax_frame_3' id='gform_3' class='pd-form-button-primary form-footer-right' action='\/fr\/wp-json\/wp\/v2\/pages\/3790#gf_3' data-formid='3' novalidate>\n                        <div class='gform-body gform_body'><div id='gform_fields_3' class='row gform_fields top_label form_sublabel_below description_below validation_below'><div id=\"field_3_1\" class=\"form-group col gfield gfield--type-select gfield--input-type-select gfield--width-full gfield_contains_required field_sublabel_below gfield--no-description field_description_below hidden_label field_validation_below gfield_visibility_visible col-12\"><label class='gfield_label  gform-field-label' for='input_3_1'>Reason For Inquiry<span class=\"gfield_required\"><span class=\"gfield_required gfield_required_asterisk\">*<\/span><\/span><\/label><div class='ginput_container  ginput_container_select'><select name='input_1' id='input_3_1' class='form-control large form-control-lg gfield_select custom-select'    aria-required=\"true\" aria-invalid=\"false\" ><option value='' selected='selected' class='form-control gf_placeholder'>Motif de la demande*<\/option><option value='J\u2019aimerais obtenir des renseignements m\u00e9dicaux' >J\u2019aimerais obtenir des renseignements m\u00e9dicaux<\/option><option value='Je suis un fournisseur de soins de sant\u00e9 et d\u00e9sire pr\u00e9senter une proposition d\u2019essai clinique entrepris sur l\u2019initiative d\u2019un chercheur (IIT)' >Je suis un fournisseur de soins de sant\u00e9 et d\u00e9sire pr\u00e9senter une proposition d\u2019essai clinique entrepris sur l\u2019initiative d\u2019un chercheur (IIT)<\/option><option value='J\u2019aimerais pr\u00e9senter une demande de subvention destin\u00e9e \u00e0 l\u2019\u00e9ducation m\u00e9dicale' >J\u2019aimerais pr\u00e9senter une demande de subvention destin\u00e9e \u00e0 l\u2019\u00e9ducation m\u00e9dicale<\/option><option value='J\u2019aimerais pr\u00e9senter une demande de commandite' >J\u2019aimerais pr\u00e9senter une demande de commandite<\/option><option value='Je suis un patient qui d\u00e9sire des informations sur un produit' >Je suis un patient qui d\u00e9sire des informations sur un produit<\/option><option value='Je suis un candidat avec une question li\u00e9e \u00e0 l\u2019emploi' >Je suis un candidat avec une question li\u00e9e \u00e0 l\u2019emploi<\/option><option value='Je suis un journaliste qui pr\u00e9sente une demande d\u2019information' >Je suis un journaliste qui pr\u00e9sente une demande d\u2019information<\/option><option value='Je suis un investisseur qui pr\u00e9sente une demande d\u2019information' >Je suis un investisseur qui pr\u00e9sente une demande d\u2019information<\/option><option value='Je suis un partenaire \u00e9ventuel' >Je suis un partenaire \u00e9ventuel<\/option><option value='J\u2019aimerais offrir des services \u00e0 Arcutis ou pr\u00e9senter une autre demande' >J\u2019aimerais offrir des services \u00e0 Arcutis ou pr\u00e9senter une autre demande<\/option><\/select><\/div><\/div><div id=\"field_3_2\" class=\"form-group col gfield gfield--type-name gfield--input-type-name gfield--width-full gfield_contains_required field_sublabel_hidden_label gfield--no-description field_description_below hidden_label field_validation_below gfield_visibility_visible col-12\"><legend class='gfield_label gform-field-label gfield_label_before_complex' >Name<span class=\"gfield_required\"><span class=\"gfield_required gfield_required_asterisk\">*<\/span><\/span><\/legend><div class='ginput_complex row ginput_container ginput_container--name no_prefix has_first_name no_middle_name has_last_name no_suffix gf_name_has_2 ginput_container_name gform-grid-row' id='input_3_2'>\n                            \n                            <span id='input_3_2_3_container' class='d-block col name_first gform-grid-col gform-grid-col--size-auto' >\n                                                    <input class='form-control' type='text' name='input_2.3' id='input_3_2_3' value=''   aria-required='true'   placeholder='Pr\u00e9nom*'  \/>\n                                                    <label for='input_3_2_3' class='gform-field-label gform-field-label--type-sub hidden_sub_label screen-reader-text'>Pr\u00e9nom<\/label>\n                                                <\/span>\n                            \n                            <span id='input_3_2_6_container' class='d-block col name_last gform-grid-col gform-grid-col--size-auto' >\n                                                    <input class='form-control' type='text' name='input_2.6' id='input_3_2_6' value=''   aria-required='true'   placeholder='Nom de famille*'  \/>\n                                                    <label for='input_3_2_6' class='gform-field-label gform-field-label--type-sub hidden_sub_label screen-reader-text'>Nom<\/label>\n                                                <\/span>\n                            \n                        <\/div><\/div><div id=\"field_3_3\" class=\"form-group col gfield gfield--type-email gfield--input-type-email gfield--width-full gfield_contains_required field_sublabel_below gfield--no-description field_description_below hidden_label field_validation_below gfield_visibility_visible col-12\"><label class='gfield_label  gform-field-label' for='input_3_3'>Email<span class=\"gfield_required\"><span class=\"gfield_required gfield_required_asterisk\">*<\/span><\/span><\/label><div class='ginput_container  ginput_container_email'>\n                            <input name='input_3' id='input_3_3' type='email' value='' class='form-control medium'   placeholder='Courriel*' aria-required=\"true\" aria-invalid=\"false\"  \/>\n                        <\/div><\/div><div id=\"field_3_5\" class=\"form-group col gfield gfield--type-phone gfield--input-type-phone gfield--width-full field_sublabel_below gfield--no-description field_description_below hidden_label field_validation_below gfield_visibility_visible col-12\"><label class='gfield_label  gform-field-label screen-reader-text' for='input_3_5'>T\u00e9l\u00e9phone<\/label><div class='ginput_container  ginput_container_phone'><input name='input_5' id='input_3_5' type='tel' value='' class='form-control medium'  placeholder='T\u00e9l\u00e9phone'  aria-invalid=\"false\"   \/><\/div><\/div><div id=\"field_3_4\" class=\"form-group col gfield gfield--type-textarea gfield--input-type-textarea gfield--width-full gfield_contains_required field_sublabel_below gfield--no-description field_description_below hidden_label field_validation_below gfield_visibility_visible col-12\"><label class='gfield_label  gform-field-label' for='input_3_4'>Votre message*<span class=\"gfield_required\"><span class=\"gfield_required gfield_required_asterisk\">*<\/span><\/span><\/label><div class='ginput_container  ginput_container_textarea'><textarea name='input_4' id='input_3_4' class='form-control textarea medium'    placeholder='Votre message*' aria-required=\"true\" aria-invalid=\"false\"   rows='10' cols='50'><\/textarea><\/div><\/div><div id=\"field_3_6\" class=\"form-group col gfield gfield--type-html gfield--input-type-html gfield_html gfield_html_formatted gfield_no_follows_desc field_sublabel_below gfield--no-description field_description_below field_validation_below gfield_visibility_visible col-12\"><div class=\"mb-3\">If you need to report an adverse event, safety-related issue, or a quality issue with a product please contact the Arcutis medical contact center at 1-844-692-6729.<\/div><\/div><div id=\"field_3_7\" class=\"form-group col gfield gfield--type-consent gfield--type-choice gfield--input-type-consent gfield--width-full custom-inline-fix gfield_contains_required field_sublabel_below gfield--no-description field_description_below hidden_label field_validation_below gfield_visibility_visible col-12\"><legend class='gfield_label gform-field-label gfield_label_before_complex' >Consent<span class=\"gfield_required\"><span class=\"gfield_required gfield_required_asterisk\">*<\/span><\/span><\/legend><div class='ginput_container ginput_container_consent'><input name='input_7.1' id='input_3_7_1' type='checkbox' value='1'   aria-required=\"true\" aria-invalid=\"false\"   \/> <label class=\"gform-field-label gform-field-label--type-inline gfield_consent_label\" for='input_3_7_1' >Je consens \u00e0 ce qu\u2019Arcutis recueille, utilise et communique mes renseignements personnels conform\u00e9ment \u00e0 la <a target=\"_blank\" href=\"https:\/\/www.arcutis.ca\/fr\/declaration-de-confidentialite\/\">d\u00e9claration de confidentialit\u00e9 d\u2019Arcutis<\/a><span class=\"gfield_required gfield_required_asterisk\">*<\/span><\/label><input type='hidden' name='input_7.2' value='Je consens \u00e0 ce qu\u2019Arcutis recueille, utilise et communique mes renseignements personnels conform\u00e9ment \u00e0 la &lt;a target=&quot;_blank&quot; href=&quot;https:\/\/www.arcutis.ca\/fr\/declaration-de-confidentialite\/&quot;&gt;d\u00e9claration de confidentialit\u00e9 d\u2019Arcutis&lt;\/a&gt;' class='gform_hidden' \/><input type='hidden' name='input_7.3' value='4' class='gform_hidden' \/><\/div><\/div><div id=\"field_3_8\" class=\"form-group col gfield gfield--type-hidden gfield--input-type-hidden gfield--width-full gform_hidden field_sublabel_below gfield--no-description field_description_below field_validation_below gfield_visibility_visible col-12\"><div class='ginput_container ginput_container_text'><input name='input_8' id='input_3_8' type='hidden' class='gform_hidden'  aria-invalid=\"false\" value='' \/><\/div><\/div><\/div><\/div>\n        <div class='gform-footer gform_footer top_label'> <input type='submit' id='gform_submit_button_3' class='btn btn-primary gform_button button' onclick='gform.submission.handleButtonClick(this);' data-submission-type='submit' value='Soumettre'  \/> <input type='hidden' name='gform_ajax' value='form_id=3&amp;title=&amp;description=&amp;tabindex=0&amp;theme=gravity-theme&amp;styles={&quot;inputPrimaryColor&quot;:&quot;#204ce5&quot;}&amp;hash=f3d395622eb086cee8174421238978a5' \/>\n            <input type='hidden' class='gform_hidden' name='gform_submission_method' data-js='gform_submission_method_3' value='iframe' \/>\n            <input type='hidden' class='gform_hidden' name='gform_theme' data-js='gform_theme_3' id='gform_theme_3' value='gravity-theme' \/>\n            <input type='hidden' class='gform_hidden' name='gform_style_settings' data-js='gform_style_settings_3' id='gform_style_settings_3' value='{&quot;inputPrimaryColor&quot;:&quot;#204ce5&quot;}' \/>\n            <input type='hidden' class='gform_hidden' name='is_submit_3' value='1' \/>\n            <input type='hidden' class='gform_hidden' name='gform_submit' value='3' \/>\n            \n            <input type='hidden' class='gform_hidden' name='gform_unique_id' value='' \/>\n            <input type='hidden' class='gform_hidden' name='state_3' value='WyJ7XCI3LjFcIjpcIjdlYjVkN2JkOWEwNmMwZjIxYTI1ZDMzZmMxZGY2ZDViXCIsXCI3LjJcIjpcIjQyNWYzNmVlM2NmYjg1ZTc4OTA4NTUyNThlNWViNmE0XCIsXCI3LjNcIjpcIjY2NzE5ODQ3MDY1ZTRjZTUwYmYyZDRmYTg1MWJkNTdmXCJ9IiwiMTYwYzFmYTdlZmY1NzFkMjFmNTAzYWMxOTg1OTZjMTIiXQ==' \/>\n            <input type='hidden' autocomplete='off' class='gform_hidden' name='gform_target_page_number_3' id='gform_target_page_number_3' value='0' \/>\n            <input type='hidden' autocomplete='off' class='gform_hidden' name='gform_source_page_number_3' id='gform_source_page_number_3' value='1' \/>\n            <input type='hidden' name='gform_field_values' value='' \/>\n            \n        <\/div>\n                        <p style=\"display: none !important;\" class=\"akismet-fields-container\" data-prefix=\"ak_\"><label>&#916;<textarea name=\"ak_hp_textarea\" cols=\"45\" rows=\"8\" maxlength=\"100\"><\/textarea><\/label><input type=\"hidden\" id=\"ak_js_1\" name=\"ak_js\" value=\"162\"\/><script>document.getElementById( \"ak_js_1\" ).setAttribute( \"value\", ( new Date() ).getTime() );<\/script><\/p><\/form>\n                        <\/div>\n\t\t                <iframe style='display:none;width:0px;height:0px;' src='about:blank' name='gform_ajax_frame_3' id='gform_ajax_frame_3' title='Cette iframe contient la logique n\u00e9cessaire pour manipuler Gravity Forms avec Ajax.'><\/iframe>\n\t\t                <script type=\"text\/javascript\">\n\/* <![CDATA[ *\/\n gform.initializeOnLoaded( function() {gformInitSpinner( 3, 'https:\/\/www.arcutis.ca\/wp-content\/plugins\/gravityforms\/images\/spinner.svg', true );jQuery('#gform_ajax_frame_3').on('load',function(){var contents = jQuery(this).contents().find('*').html();var is_postback = contents.indexOf('GF_AJAX_POSTBACK') >= 0;if(!is_postback){return;}var form_content = jQuery(this).contents().find('#gform_wrapper_3');var is_confirmation = jQuery(this).contents().find('#gform_confirmation_wrapper_3').length > 0;var is_redirect = contents.indexOf('gformRedirect(){') >= 0;var is_form = form_content.length > 0 && ! is_redirect && ! is_confirmation;var mt = parseInt(jQuery('html').css('margin-top'), 10) + parseInt(jQuery('body').css('margin-top'), 10) + 100;if(is_form){form_content.find('form').css('opacity', 0);jQuery('#gform_wrapper_3').html(form_content.html());if(form_content.hasClass('gform_validation_error')){jQuery('#gform_wrapper_3').addClass('gform_validation_error');} else {jQuery('#gform_wrapper_3').removeClass('gform_validation_error');}setTimeout( function() { \/* delay the scroll by 50 milliseconds to fix a bug in chrome *\/ jQuery(document).scrollTop(jQuery('#gform_wrapper_3').offset().top - mt); }, 50 );if(window['gformInitDatepicker']) {gformInitDatepicker();}if(window['gformInitPriceFields']) {gformInitPriceFields();}var current_page = jQuery('#gform_source_page_number_3').val();gformInitSpinner( 3, 'https:\/\/www.arcutis.ca\/wp-content\/plugins\/gravityforms\/images\/spinner.svg', true );jQuery(document).trigger('gform_page_loaded', [3, current_page]);window['gf_submitting_3'] = false;}else if(!is_redirect){var confirmation_content = jQuery(this).contents().find('.GF_AJAX_POSTBACK').html();if(!confirmation_content){confirmation_content = contents;}jQuery('#gform_wrapper_3').replaceWith(confirmation_content);jQuery(document).scrollTop(jQuery('#gf_3').offset().top - mt);jQuery(document).trigger('gform_confirmation_loaded', [3]);window['gf_submitting_3'] = false;wp.a11y.speak(jQuery('#gform_confirmation_message_3').text());}else{jQuery('#gform_3').append(contents);if(window['gformRedirect']) {gformRedirect();}}jQuery(document).trigger(\"gform_pre_post_render\", [{ formId: \"3\", currentPage: \"current_page\", abort: function() { this.preventDefault(); } }]);                if (event && event.defaultPrevented) {                return;         }        const gformWrapperDiv = document.getElementById( \"gform_wrapper_3\" );        if ( gformWrapperDiv ) {            const visibilitySpan = document.createElement( \"span\" );            visibilitySpan.id = \"gform_visibility_test_3\";            gformWrapperDiv.insertAdjacentElement( \"afterend\", visibilitySpan );        }        const visibilityTestDiv = document.getElementById( \"gform_visibility_test_3\" );        let postRenderFired = false;                function triggerPostRender() {            if ( postRenderFired ) {                return;            }            postRenderFired = true;            gform.core.triggerPostRenderEvents( 3, current_page );            if ( visibilityTestDiv ) {                visibilityTestDiv.parentNode.removeChild( visibilityTestDiv );            }        }        function debounce( func, wait, immediate ) {            var timeout;            return function() {                var context = this, args = arguments;                var later = function() {                    timeout = null;                    if ( !immediate ) func.apply( context, args );                };                var callNow = immediate && !timeout;                clearTimeout( timeout );                timeout = setTimeout( later, wait );                if ( callNow ) func.apply( context, args );            };        }        const debouncedTriggerPostRender = debounce( function() {            triggerPostRender();        }, 200 );        if ( visibilityTestDiv && visibilityTestDiv.offsetParent === null ) {            const observer = new MutationObserver( ( mutations ) => {                mutations.forEach( ( mutation ) => {                    if ( mutation.type === 'attributes' && visibilityTestDiv.offsetParent !== null ) {                        debouncedTriggerPostRender();                        observer.disconnect();                    }                });            });            observer.observe( document.body, {                attributes: true,                childList: false,                subtree: true,                attributeFilter: [ 'style', 'class' ],            });        } else {            triggerPostRender();        }    } );} ); \n\/* ]]> *\/\n<\/script>\n\n\n\n<p class=\"small form-disclaimer\">Ce site est prot\u00e9g\u00e9 par reCAPTCHA, et la<br><a href=\"https:\/\/policies.google.com\/privacy\">politique de confidentialit\u00e9<\/a> et les <a href=\"https:\/\/policies.google.com\/terms\">conditions d\u2019utilisation<\/a> applicables de Google.<\/p>\n<\/div>\n<\/div>\n","protected":false},"excerpt":{"rendered":"Arcutis Canada, Inc. 5200 Yonge St, 2nd FloorNorth York, ON M2N 5P6 Pour nous joindre [&hellip;]","protected":false},"author":17,"featured_media":0,"parent":0,"menu_order":9,"comment_status":"closed","ping_status":"closed","template":"","meta":{"_relevanssi_hide_post":"","_relevanssi_hide_content":"","_relevanssi_pin_for_all":"","_relevanssi_pin_keywords":"","_relevanssi_unpin_keywords":"","_relevanssi_related_keywords":"","_relevanssi_related_include_ids":"","_relevanssi_related_exclude_ids":"","_relevanssi_related_no_append":"","_relevanssi_related_not_related":"","_relevanssi_related_posts":"4273","_relevanssi_noindex_reason":"","inline_featured_image":false,"footnotes":""},"class_list":["post-3790","page","type-page","status-publish","hentry"],"acf":[],"_links":{"self":[{"href":"https:\/\/www.arcutis.ca\/fr\/wp-json\/wp\/v2\/pages\/3790","targetHints":{"allow":["GET"]}}],"collection":[{"href":"https:\/\/www.arcutis.ca\/fr\/wp-json\/wp\/v2\/pages"}],"about":[{"href":"https:\/\/www.arcutis.ca\/fr\/wp-json\/wp\/v2\/types\/page"}],"author":[{"embeddable":true,"href":"https:\/\/www.arcutis.ca\/fr\/wp-json\/wp\/v2\/users\/17"}],"replies":[{"embeddable":true,"href":"https:\/\/www.arcutis.ca\/fr\/wp-json\/wp\/v2\/comments?post=3790"}],"version-history":[{"count":36,"href":"https:\/\/www.arcutis.ca\/fr\/wp-json\/wp\/v2\/pages\/3790\/revisions"}],"predecessor-version":[{"id":5036,"href":"https:\/\/www.arcutis.ca\/fr\/wp-json\/wp\/v2\/pages\/3790\/revisions\/5036"}],"wp:attachment":[{"href":"https:\/\/www.arcutis.ca\/fr\/wp-json\/wp\/v2\/media?parent=3790"}],"curies":[{"name":"wp","href":"https:\/\/api.w.org\/{rel}","templated":true}]}}