{"id":3796,"date":"2022-01-06T12:35:02","date_gmt":"2022-01-06T17:35:02","guid":{"rendered":"https:\/\/www.arcutis.ca\/declaration-de-confidentialite\/"},"modified":"2023-05-19T14:01:42","modified_gmt":"2023-05-19T18:01:42","slug":"declaration-de-confidentialite","status":"publish","type":"page","link":"https:\/\/www.arcutis.ca\/fr\/declaration-de-confidentialite\/","title":{"rendered":"D\u00e9claration de confidentialit\u00e9"},"content":{"rendered":"\n<p><small>Derni\u00e8re&nbsp;mise \u00e0 jour : 28 mars 2023<\/small><\/p>\n\n\n\n<div class=\"wp-block-group privacy-wrapper is-layout-constrained wp-block-group-is-layout-constrained\">\n<h2 class=\"wp-block-heading\">D\u00e9claration de confidentialit\u00e9<\/h2>\n\n\n\n<p>Arcutis Canada, Inc. et ses soci\u00e9t\u00e9s affili\u00e9es (\u00ab&nbsp;<strong>Arcutis<\/strong>&nbsp;\u00bb, \u00ab&nbsp;<strong>nous<\/strong>&nbsp;\u00bb, \u00ab&nbsp;<strong>notre<\/strong>&nbsp;\u00bb et \u00ab&nbsp;<strong>nos<\/strong>&nbsp;\u00bb) reconnaissent l\u2019importance du respect de la vie priv\u00e9e. La pr\u00e9sente d\u00e9claration de confidentialit\u00e9 vise \u00e0 vous informer sur nos pratiques de confidentialit\u00e9, notamment la fa\u00e7on dont nous recueillons, utilisons et communiquons vos renseignements personnels en lien avec nos produits, services, applications et sites Web (collectivement, les \u00ab&nbsp;<strong>Services<\/strong>&nbsp;\u00bb). Elle s\u2019applique \u00e0 tous les renseignements personnels re\u00e7us et trait\u00e9s par Arcutis se rapportant \u00e0 des particuliers situ\u00e9s au Canada.<\/p>\n\n\n\n<h2 class=\"wp-block-heading\">Ce que couvre la pr\u00e9sente d\u00e9claration de confidentialit\u00e9<\/h2>\n\n\n\n<p>La pr\u00e9sente d\u00e9claration de confidentialit\u00e9 couvre les sujets suivants :<\/p>\n\n\n\n<ul class=\"wp-block-list\">\n<li>Renseignements personnels que nous recueillons;<\/li>\n\n\n\n<li>Notre utilisation de vos renseignements personnels;<\/li>\n\n\n\n<li>L\u2019\u00e9change de vos renseignements personnels;<\/li>\n\n\n\n<li>Consentement \u00e0 la collecte, \u00e0 l\u2019utilisation et \u00e0 la communication de vos renseignements personnels;<\/li>\n\n\n\n<li>Retrait du consentement aux communications commerciales;<\/li>\n\n\n\n<li>Conservation, stockage et transfert international de renseignements personnels;<\/li>\n\n\n\n<li>S\u00e9curit\u00e9 de l\u2019information;<\/li>\n\n\n\n<li>Acc\u00e8s \u00e0 vos renseignements personnels et mise \u00e0 jour;<\/li>\n\n\n\n<li>Sites Web et services de tiers;<\/li>\n\n\n\n<li>Renseignements personnels d\u2019enfants;<\/li>\n\n\n\n<li>Modifications \u00e0 la pr\u00e9sente D\u00e9claration de confidentialit\u00e9;<\/li>\n\n\n\n<li>Comment communiquer avec nous.<\/li>\n<\/ul>\n\n\n\n<h2 class=\"wp-block-heading\">Renseignements personnels que nous recueillons<\/h2>\n\n\n\n<p>On entend par \u00ab renseignements personnels \u00bb les renseignements sur une personne identifiable au sens des lois canadiennes sur la protection de la vie priv\u00e9e.<\/p>\n\n\n\n<p>En g\u00e9n\u00e9ral, les renseignements personnels excluent les coordonn\u00e9es d\u2019affaires qui sont exclusivement utilis\u00e9es pour communiquer avec vous dans le cadre de votre emploi, de votre entreprise ou de votre profession, telles que votre nom, poste ou titre et votre adresse, num\u00e9ro de t\u00e9l\u00e9phone, num\u00e9ro de t\u00e9l\u00e9copieur et adresse \u00e9lectronique professionnels.<\/p>\n\n\n\n<p>Nous pouvons recueillir, utiliser et communiquer diff\u00e9rents types de renseignements personnels, selon le type de relation que nous entretenons avec vous; en g\u00e9n\u00e9ral, nous recueillons le type de renseignements personnels suivants (certains peuvent ne pas s\u2019appliquer \u00e0 vous) :<\/p>\n\n\n\n<ul class=\"wp-block-list\">\n<li>des renseignements identificateurs tels que votre nom, votre \u00e9tat matrimonial, votre titre, votre date de naissance et votre sexe;<\/li>\n\n\n\n<li>des coordonn\u00e9es telles que votre adresse de facturation, votre adresse de livraison, votre adresse \u00e9lectronique et vos num\u00e9ros de t\u00e9l\u00e9phone;<\/li>\n\n\n\n<li>des renseignements financiers, mais uniquement dans le cadre de notre programme d\u2019aide aux patients;<\/li>\n\n\n\n<li>des renseignements techniques et relatifs \u00e0 l\u2019utilisation lorsque vous utilisez notre site Web, comme l\u2019URL du site Web d\u2019o\u00f9 vous arrivez, votre adresse de protocole Internet (IP), vos donn\u00e9es d\u2019authentification, le type et la version de votre navigateur, le r\u00e9glage et l\u2019emplacement du fuseau horaire, le type et la version des plugiciels du navigateur, le fournisseur de services de t\u00e9l\u00e9phonie cellulaire, le syst\u00e8me et la plateforme d\u2019exploitation et d\u2019autres technologies utilis\u00e9es par vos appareils pour acc\u00e9der \u00e0 notre site Web;<\/li>\n\n\n\n<li>des renseignements relatifs \u00e0 la sant\u00e9 (tels que vos ant\u00e9c\u00e9dents m\u00e9dicaux) et \u00e0 l\u2019assurance maladie (tels que les ordonnances), les rapports d\u2019accident, les programmes et services de soins de sant\u00e9 que vous recevez aupr\u00e8s de nous et les noms de vos fournisseurs de soins de sant\u00e9;<\/li>\n\n\n\n<li>des renseignements professionnels tels que vos titres professionnels et le nom de votre employeur;<\/li>\n\n\n\n<li>de l\u2019information \u00e0 caract\u00e8re commercial et de communication.<\/li>\n<\/ul>\n\n\n\n<p>Il est \u00e9galement possible que nous recueillions, utilisions et \u00e9changions des donn\u00e9es agr\u00e9g\u00e9es et anonymes pour quelque usage que ce soit. Les donn\u00e9es agr\u00e9g\u00e9es et anonymes ne sont pas consid\u00e9r\u00e9es comme des renseignements personnels, car elles ne peuvent pas \u00eatre utilis\u00e9es pour vous identifier.<\/p>\n\n\n\n<h2 class=\"wp-block-heading\">Notre utilisation de vos renseignements personnels<\/h2>\n\n\n\n<p>Nous utilisons g\u00e9n\u00e9ralement vos renseignements personnels aux fins suivantes :<\/p>\n\n\n\n<ul class=\"wp-block-list\">\n<li>\u00e9tablir votre admissibilit\u00e9 \u00e0 nos Services, conform\u00e9ment aux lois applicables et \u00e0 nos politiques;<\/li>\n\n\n\n<li>g\u00e9rer votre utilisation des Services;<\/li>\n\n\n\n<li>r\u00e9pondre \u00e0 vos demandes g\u00e9n\u00e9rales ou de renseignements, ainsi qu\u2019\u00e0 vos plaintes;<\/li>\n\n\n\n<li>communiquer avec vous;<\/li>\n\n\n\n<li>am\u00e9liorer l\u2019efficacit\u00e9 et l\u2019efficience de nos activit\u00e9s, de nos Services et de nos programmes;<\/li>\n\n\n\n<li>poursuivre des fins de marketing et de promotion, moyennant votre consentement;<\/li>\n\n\n\n<li>enqu\u00eater sur des r\u00e9clamations en justice et prot\u00e9ger nos droits, nos activit\u00e9s et nos biens;<\/li>\n\n\n\n<li>poursuivre d\u2019autres fins auxquelles vous pourrez consentir au besoin;<\/li>\n\n\n\n<li>comme le permet ou l\u2019exige par ailleurs le droit applicable.<\/li>\n<\/ul>\n\n\n\n<p>Nous utilisons certains renseignements techniques, dont ceux obtenus \u00e0 l\u2019aide de t\u00e9moins, pour mieux comprendre l\u2019activit\u00e9 sur notre site Web ainsi qu\u2019am\u00e9liorer nos Services et notre site Web. Divers outils vous permettent de contr\u00f4ler les renseignements recueillis par les t\u00e9moins et des technologies similaires lorsque vous utilisez notre site Web. Par exemple, vous pouvez configurer votre navigateur Internet pour limiter la mesure dans laquelle les sites Web que vous visitez utilisent les t\u00e9moins, ainsi que retirer votre consentement en les effa\u00e7ant ou en les bloquant.<\/p>\n\n\n\n<h2 class=\"wp-block-heading\">Fa\u00e7on dont nous \u00e9changeons vos renseignements personnels<\/h2>\n\n\n\n<p>Nous pr\u00e9cisons g\u00e9n\u00e9ralement les destinataires et la raison pour laquelle nous communiquons vos renseignements personnels (et nous obtenons votre consentement pour ce faire) au moment o\u00f9 nous les recueillons.<\/p>\n\n\n\n<p>Si vous \u00eates un patient, nous pourrions par exemple communiquer vos renseignements personnels \u00e0 des fournisseurs de soins de sant\u00e9 tels que des pharmaciens, des m\u00e9decins, des infirmiers, des naturopathes ou des techniciens de laboratoire pour faciliter la prestation de vos soins de sant\u00e9. Cela aide \u00e0 coordonner les soins et \u00e0 ce que toutes les personnes prenant part \u00e0 vos soins de sant\u00e9 disposent des renseignements n\u00e9cessaires pour r\u00e9pondre \u00e0 vos besoins en mati\u00e8re de sant\u00e9.<\/p>\n\n\n\n<p>Il est possible que nous communiquions vos renseignements lorsque nous jugeons n\u00e9cessaire de le faire pour faire respecter les conditions d\u2019utilisation des Services et lorsque la loi l\u2019exige ou l\u2019autorise. En outre, nous pourrions les communiquer \u00e0 une tierce partie lors d\u2019une op\u00e9ration commerciale importante, comme une fusion ou une r\u00e9organisation.<\/p>\n\n\n\n<p>Nous faisons appel \u00e0 d\u2019autres fournisseurs pour la prestation de divers services en notre nom, tels que des fournisseurs de services techniques, de stockage et de traitement de donn\u00e9es. Lorsque nous communiquons vos renseignements personnels avec un fournisseur de services, nous exigeons qu\u2019il en assure la confidentialit\u00e9 et la s\u00e9curit\u00e9. Nous exigeons \u00e9galement que nos fournisseurs de services respectent les lois applicables en mati\u00e8re de respect de la vie priv\u00e9e et n\u2019utilisent vos renseignements personnels qu\u2019aux fins pr\u00e9cises auxquelles ils ont \u00e9t\u00e9 recueillis.<\/p>\n\n\n\n<h2 class=\"wp-block-heading\">Votre consentement \u00e0 la collecte, \u00e0 l\u2019utilisation et \u00e0 la communication de vos renseignements personnels<\/h2>\n\n\n\n<p>Nous recueillons, utilisons et communiquons vos renseignements personnels avec votre consentement ou comme la loi le permet ou l\u2019exige. La fa\u00e7on dont votre consentement est sollicit\u00e9 (qu\u2019il soit expr\u00e8s ou implicite) d\u00e9pend des circonstances et de la sensibilit\u00e9 des renseignements personnels en question. En r\u00e8gle g\u00e9n\u00e9rale, nous vous demanderons votre consentement au moment de recueillir vos renseignements personnels, que ce soit verbalement, \u00e9lectroniquement ou par \u00e9crit.<\/p>\n\n\n\n<p>Si vous nous fournissez des renseignements personnels \u00e0 propos d\u2019une autre personne, il vous incombe d\u2019obtenir son consentement pour que nous recueillions, utilisions et communiquions ses renseignements conform\u00e9ment \u00e0 la pr\u00e9sente d\u00e9claration de confidentialit\u00e9.<\/p>\n\n\n\n<p>Pour retirer votre consentement \u00e0 la collecte, \u00e0 l\u2019utilisation ou \u00e0 la communication de vos renseignements personnels, veuillez communiquer avec nous aux coordonn\u00e9es indiqu\u00e9es dans la section \u00ab&nbsp;Pour nous joindre&nbsp;\u00bb ci\u2011dessous. Nous donnerons suite \u00e0 votre demande de retrait du consentement, sous r\u00e9serve des restrictions l\u00e9gales ou contractuelles pouvant s\u2019appliquer. Si vous retirez votre consentement, il se peut que nous ne soyons plus en mesure de vous fournir certains Services.<\/p>\n\n\n\n<h2 class=\"wp-block-heading\">Retrait du consentement aux communications \u00e0 caract\u00e8re commercial<\/h2>\n\n\n\n<p>Pour ne plus recevoir nos courriels \u00e0 caract\u00e8re commercial, vous pouvez retirer votre nom de notre liste d\u2019envoi en cliquant sur le lien de d\u00e9sabonnement apparaissant au bas de nos courriels. Vous pouvez \u00e9galement retirer votre consentement en communiquant avec nous aux coordonn\u00e9es indiqu\u00e9es dans la section \u00ab&nbsp;Pour nous joindre&nbsp;\u00bb ci\u2011dessous.<\/p>\n\n\n\n<p>Veuillez noter que, m\u00eame si vous vous d\u00e9sabonnez des courriels \u00e0 caract\u00e8re commercial, il est possible que nous devions quand m\u00eame vous faire parvenir des communications relatives \u00e0 votre utilisation de nos Services ou d\u2019autres sujets.<\/p>\n\n\n\n<h2 class=\"wp-block-heading\">Conservation, stockage et transfert international de renseignements personnels<\/h2>\n\n\n\n<p>Nous conserverons vos renseignements personnels tant qu\u2019il le sera n\u00e9cessaire aux fins pour lesquelles nous les avons recueillis, et aussi longtemps que la loi le permet ou l\u2019exige.<\/p>\n\n\n\n<p>Il se peut que nous transmettions vos renseignements personnels \u00e0 l\u2019ext\u00e9rieur du Canada pour r\u00e9aliser les objectifs pour lesquels nous les avons recueillis, notamment leur traitement et leur stockage par des fournisseurs de services. Lorsque vos renseignements personnels se trouvent \u00e0 l\u2019ext\u00e9rieur du Canada, ils sont assujettis aux lois du pays o\u00f9 ils se trouvent, lesquelles peuvent \u00eatre diff\u00e9rentes des lois du Canada encadrant la protection des donn\u00e9es. Ces lois pourraient exiger que vos renseignements personnels soient communiqu\u00e9s aux autorit\u00e9s de ce pays. Pour en savoir plus sur nos politiques et pratiques relatives aux fournisseurs de services \u00e0 l\u2019ext\u00e9rieur du Canada, veuillez communiquer avec nous aux coordonn\u00e9es indiqu\u00e9es dans la section \u00ab&nbsp;Pour nous joindre&nbsp;\u00bb ci\u2011dessous.<\/p>\n\n\n\n<h2 class=\"wp-block-heading\">S\u00e9curit\u00e9 de l\u2019information<\/h2>\n\n\n\n<p>Nous avons instaur\u00e9 des mesures de s\u00e9curit\u00e9 organisationnelles et technologiques visant \u00e0 prot\u00e9ger vos renseignements personnels contre la perte, le vol et l\u2019acc\u00e8s, l\u2019utilisation et la communication non autoris\u00e9s. Entre autres initiatives : <\/p>\n\n\n\n<ul class=\"wp-block-list\">\n<li>nous formons nos employ\u00e9s et mandataires sur l\u2019importance de la protection des renseignements personnels;<\/li>\n\n\n\n<li>nous limitons l\u2019acc\u00e8s \u00e0 vos renseignements personnels aux employ\u00e9s ou mandataires qui en ont besoin \u00e0 des fins autoris\u00e9es;<\/li>\n\n\n\n<li>nous prot\u00e9geons les renseignements personnels sur support \u00e9lectronique en utilisant des technologies telles que des pare-feu, des contr\u00f4les d\u2019acc\u00e8s et du chiffrage.<\/li>\n<\/ul>\n\n\n\n<p>Malgr\u00e9 ces mesures, nous ne pouvons pas garantir que nos mesures de s\u00e9curit\u00e9 seront constamment \u00e0 toute \u00e9preuve; la d\u00e9faillance de ces derni\u00e8res peut entra\u00eener des risques tels que l\u2019hame\u00e7onnage et l\u2019usurpation d\u2019identit\u00e9. Dans de tels cas, nous agirons rapidement pour att\u00e9nuer les risques et veillerons \u00e0 vous aviser de l\u2019existence de tout risque r\u00e9el de pr\u00e9judice grave, ou conform\u00e9ment \u00e0 ce qu\u2019exige par ailleurs le droit applicable.<\/p>\n\n\n\n<h2 class=\"wp-block-heading\">Acc\u00e8s \u00e0 vos renseignements personnels et mises \u00e0 jour<\/h2>\n\n\n\n<p>Si vous pensez que vos renseignements personnels sont vuln\u00e9rables, communiquez imm\u00e9diatement avec nous aux coordonn\u00e9es indiqu\u00e9es dans la section \u00ab&nbsp;Pour nous joindre&nbsp;\u00bb ci\u2011dessous.<\/p>\n\n\n\n<p>Nous vous demandons de nous faire part de tout changement \u00e0 vos renseignements personnels, s\u2019il y a lieu. Nous ne mettrons pas ceux-ci \u00e0 jour syst\u00e9matiquement, sauf si cela s\u2019av\u00e8re n\u00e9cessaire.<\/p>\n\n\n\n<p>Vous pouvez demander \u00e0 consulter les renseignements personnels \u00e0 votre sujet que nous avons recueillis, utilis\u00e9s ou communiqu\u00e9s; nous vous les fournirons dans la mesure requise par les lois applicables.<\/p>\n\n\n\n<p>Vous \u00eates \u00e9galement en droit de contester l\u2019exactitude ou l\u2019exhaustivit\u00e9 de vos renseignements personnels qui figurent \u00e0 nos dossiers. Si vous d\u00e9montrez que ceux-ci sont inexacts ou incomplets, nous les modifierons comme il se doit.<\/p>\n\n\n\n<p>Il se peut que nous vous demandions de vous identifier ad\u00e9quatement pour acc\u00e9der \u00e0 votre demande d\u2019acc\u00e8s ou de correction de renseignements personnels. Les renseignements identificatoires ainsi fournis ne seront utilis\u00e9s qu\u2019\u00e0 cette fin. Nous nous engageons \u00e0 ne vous facturer aucuns frais pour l\u2019acc\u00e8s \u00e0 vos renseignements personnels \u00e0 nos dossiers sans vous avoir pr\u00e9alablement fourni une estimation de ces frais, s\u2019il y a lieu.<\/p>\n\n\n\n<p>Si vous vous opposez \u00e0 la fa\u00e7on dont nous traitons votre demande, vous pourriez avoir le droit de d\u00e9poser une plainte aupr\u00e8s du Commissaire \u00e0 la protection de la vie priv\u00e9e du Canada ou du commissaire \u00e0 la protection de la vie priv\u00e9e de votre province.<\/p>\n\n\n\n<p>Si nous traitons vos renseignements personnels pour le compte de notre client, il se peut que nous transmettions votre demande d\u2019acc\u00e8s ou de modification \u00e0 ce client.<\/p>\n\n\n\n<h2 class=\"wp-block-heading\">Sites Web et services de tiers<\/h2>\n\n\n\n<p>Il se peut que nous fournissions des liens vers des sites Web tiers par commodit\u00e9 ou pour votre information. Nous pourrions \u00e9galement vous permettre d\u2019acheter, de souscrire ou d\u2019utiliser d\u2019autres produits ou services de tiers ayant des pratiques diff\u00e9rentes en mati\u00e8re de confidentialit\u00e9. Ces autres sites Web, produits et services sont r\u00e9gis par les d\u00e9clarations et politiques de confidentialit\u00e9 des tiers concern\u00e9s. La pr\u00e9sente d\u00e9claration de confidentialit\u00e9 ne s\u2019\u00e9tend pas aux sites Web, produits ou services fournis par des tiers. Nous n\u2019assumons aucune responsabilit\u00e9 \u00e0 l\u2019\u00e9gard des pratiques de tiers en mati\u00e8re de confidentialit\u00e9 et vous encourageons \u00e0 passer en revue toute d\u00e9claration de confidentialit\u00e9 pertinente avant d\u2019utiliser les sites Web, produits et services de tiers.<\/p>\n\n\n\n<h2 class=\"wp-block-heading\">Renseignements personnels d\u2019enfants<\/h2>\n\n\n\n<p>Nos Services ne sont pas destin\u00e9s aux mineurs et nous ne recueillons pas sciemment de renseignements personnels d\u2019enfants mineurs. Les enfants mineurs ne doivent pas utiliser nos Services ni nous fournir leurs renseignements personnels. Si vous \u00eates un parent ou un tuteur et pensez que votre enfant a pu nous fournir des renseignements personnels, \u00e9crivez-nous \u00e0 <a href=\"mailto:privacy@arcutis.com\">privacy@arcutis.com<\/a>.<\/p>\n\n\n\n<h2 class=\"wp-block-heading\">Modifications \u00e0 la pr\u00e9sente D\u00e9claration de confidentialit\u00e9<\/h2>\n\n\n\n<p>La date de la derni\u00e8re r\u00e9vision de la pr\u00e9sente d\u00e9claration de confidentialit\u00e9 figure en haut de cette page.<\/p>\n\n\n\n<p>Il se peut que nous apportions des modifications \u00e0 la pr\u00e9sente d\u00e9claration de confidentialit\u00e9 au besoin. Ces modifications prennent effet d\u00e8s qu\u2019elles apparaissent dans une d\u00e9claration de confidentialit\u00e9 r\u00e9vis\u00e9e publi\u00e9e sur notre site Web, sauf indication contraire. Nous pourrons \u00e9galement les communiquer par d\u2019autres moyens.<\/p>\n\n\n\n<h2 class=\"wp-block-heading\">Pour nous joindre<\/h2>\n\n\n\n<p>Si vous avez des commentaires, des questions, des pr\u00e9occupations ou des demandes quant \u00e0 vos renseignements personnels ou nos pratiques en mati\u00e8re de confidentialit\u00e9, veuillez les adresser \u00e0 notre agent de la protection de la vie priv\u00e9e \u00e0 l\u2019adresse <a href=\"mailto:privacy@arcutis.com\">privacy@arcutis.com<\/a>.<\/p>\n\n\n\n<p>Il est \u00e9galement possible d\u2019\u00e9crire \u00e0 l\u2019adresse suivante :<\/p>\n\n\n\n<p>Arcutis Canada, Inc.<br>\u00c0 l\u2019attention de : Agent de la protection de la vie priv\u00e9e (<em>Privacy Officer<\/em>)<br>3027 Townsgate Road, Suite 300<br>Westlake Village, CA\u200291361<\/p>\n<\/div>\n","protected":false},"excerpt":{"rendered":"Derni\u00e8re&nbsp;mise \u00e0 jour : 28 mars 2023 D\u00e9claration de confidentialit\u00e9 Arcutis Canada, Inc. et ses [&hellip;]","protected":false},"author":17,"featured_media":0,"parent":0,"menu_order":9,"comment_status":"closed","ping_status":"closed","template":"narrow-column.php","meta":{"_relevanssi_hide_post":"","_relevanssi_hide_content":"","_relevanssi_pin_for_all":"","_relevanssi_pin_keywords":"","_relevanssi_unpin_keywords":"","_relevanssi_related_keywords":"","_relevanssi_related_include_ids":"","_relevanssi_related_exclude_ids":"","_relevanssi_related_no_append":"","_relevanssi_related_not_related":"","_relevanssi_related_posts":"4273","_relevanssi_noindex_reason":"","inline_featured_image":false,"footnotes":""},"class_list":["post-3796","page","type-page","status-publish","hentry"],"acf":[],"_links":{"self":[{"href":"https:\/\/www.arcutis.ca\/fr\/wp-json\/wp\/v2\/pages\/3796","targetHints":{"allow":["GET"]}}],"collection":[{"href":"https:\/\/www.arcutis.ca\/fr\/wp-json\/wp\/v2\/pages"}],"about":[{"href":"https:\/\/www.arcutis.ca\/fr\/wp-json\/wp\/v2\/types\/page"}],"author":[{"embeddable":true,"href":"https:\/\/www.arcutis.ca\/fr\/wp-json\/wp\/v2\/users\/17"}],"replies":[{"embeddable":true,"href":"https:\/\/www.arcutis.ca\/fr\/wp-json\/wp\/v2\/comments?post=3796"}],"version-history":[{"count":16,"href":"https:\/\/www.arcutis.ca\/fr\/wp-json\/wp\/v2\/pages\/3796\/revisions"}],"predecessor-version":[{"id":4411,"href":"https:\/\/www.arcutis.ca\/fr\/wp-json\/wp\/v2\/pages\/3796\/revisions\/4411"}],"wp:attachment":[{"href":"https:\/\/www.arcutis.ca\/fr\/wp-json\/wp\/v2\/media?parent=3796"}],"curies":[{"name":"wp","href":"https:\/\/api.w.org\/{rel}","templated":true}]}}