{"id":4263,"date":"2023-05-05T15:19:34","date_gmt":"2023-05-05T19:19:34","guid":{"rendered":"https:\/\/www.arcutis.ca\/?page_id=4263"},"modified":"2024-08-07T11:42:18","modified_gmt":"2024-08-07T15:42:18","slug":"nos-valeurs","status":"publish","type":"page","link":"https:\/\/www.arcutis.ca\/fr\/nos-valeurs\/","title":{"rendered":"Nos valeurs"},"content":{"rendered":"\n<div class=\"wp-block-columns pd-bg-logo our-values-section-1 is-layout-flex wp-container-core-columns-is-layout-9d6595d7 wp-block-columns-is-layout-flex\">\n<div class=\"wp-block-column is-layout-flow wp-block-column-is-layout-flow\" style=\"flex-basis:40%\">\n<ul class=\"big-anchors\">\n<li><a class=\"selected\" href=\"#care\">Soigner<\/a><\/li>\n<li><a href=\"#challenge\">Remettre en question<\/a><\/li>\n<li><a href=\"#create\">Innover<\/a><\/li>\n<\/ul>\n<\/div>\n\n\n\n<div class=\"wp-block-column is-layout-flow wp-block-column-is-layout-flow\" style=\"flex-basis:47%\">\n<div id=\"care\" class=\"wp-block-group big-anchor-content is-layout-constrained wp-block-group-is-layout-constrained\">\n<h2 class=\"wp-block-heading\">Nous avons \u00e0 c\u0153ur les patients et les personnes qui veillent \u00e0 leur bien-\u00eatre.<\/h2>\n\n\n\n<p>Nous rejoignons les patients et les professionnels de la sant\u00e9 l\u00e0 o\u00f9 ils sont. En les consid\u00e9rant comme des partenaires, et non comme des donn\u00e9es statistiques, et en prenant le temps de les \u00e9couter, nous pouvons mieux comprendre ce qui compte vraiment pour eux.<\/p>\n<\/div>\n\n\n\n<div id=\"challenge\" class=\"wp-block-group big-anchor-content is-layout-constrained wp-block-group-is-layout-constrained\">\n<h2 class=\"wp-block-heading\">Nous remettons en question les normes de soins actuelles.<\/h2>\n\n\n\n<p>Nous croyons que les patients m\u00e9ritent mieux; c\u2019est pourquoi nous veillons \u00e0 simplifier le traitement des maladies et \u00e0 optimiser l\u2019efficacit\u00e9, l\u2019innocuit\u00e9 et la tol\u00e9rabilit\u00e9 des m\u00e9dicaments. Nous sommes d\u00e9termin\u00e9s \u00e0 am\u00e9liorer les traitements de r\u00e9f\u00e9rence actuels et \u00e0 r\u00e9soudre les probl\u00e8mes auxquels d\u2019autres ne peuvent ou ne veulent pas s\u2019attaquer.<\/p>\n<\/div>\n\n\n\n<div id=\"create\" class=\"wp-block-group big-anchor-content is-layout-constrained wp-block-group-is-layout-constrained\">\n<h2 class=\"wp-block-heading\">Nous innovons avec un objectif en t\u00eate.<\/h2>\n\n\n\n<p>Notre expertise unique et notre plateforme de d\u00e9veloppement de m\u00e9dicaments en dermatologie animent notre engagement \u00e0 promouvoir l\u2019innovation ax\u00e9e sur les besoins non combl\u00e9s dans le traitement des troubles cutan\u00e9s \u00e0 m\u00e9diation immunitaire, comme le psoriasis en plaques.<\/p>\n\n\n\n<p>L\u2019innovation significative est notre raison d\u2019\u00eatre et nous passionne. C\u2019est ce qui compte le plus pour Arcutis.<\/p>\n<\/div>\n<\/div>\n<\/div>\n\n\n\n<div class=\"wp-block-columns home-unique-medical our-values-yellow mb-2 has-primary-background-color has-background is-layout-flex wp-container-core-columns-is-layout-9d6595d7 wp-block-columns-is-layout-flex\">\n<div class=\"wp-block-column is-layout-flow wp-block-column-is-layout-flow\">\n<figure class=\"wp-block-image size-full is-resized pd-offset-img pd-home-accent-1 pd-fadeinup\"><img loading=\"lazy\" decoding=\"async\" width=\"351\" height=\"467\" src=\"https:\/\/www.arcutis.ca\/wp-content\/uploads\/plaque-psoriasis.jpg\" alt=\"Peau d\u2019un patient avec du psoriasis.\" class=\"wp-image-4063\" style=\"width:351px;height:467px\"\/><\/figure>\n<\/div>\n\n\n\n<div class=\"wp-block-column col-md-5 py-5 is-layout-flow wp-block-column-is-layout-flow\" style=\"flex-basis:60%\">\n<h2 class=\"wp-block-heading\" id=\"we-believe-patients-deserve-better\">Nous poss\u00e9dons une grande expertise en dermatologie m\u00e9dicale.<\/h2>\n\n\n\n<p>Notre \u00e9quipe mondiale de direction et de gestion est compos\u00e9e de chefs de file de l\u2019industrie et de cliniciens en dermatologie chevronn\u00e9s.<\/p>\n\n\n\n<p>Nos racines en dermatologie m\u00e9dicale sont profondes \u2013 cela fait partie de notre ADN.<\/p>\n\n\n\n<div class=\"wp-block-buttons is-layout-flex wp-block-buttons-is-layout-flex\">\n<div class=\"wp-block-button\"><a class=\"wp-block-button__link has-black-color has-white-background-color has-text-color has-background wp-element-button\" href=\"https:\/\/www.arcutis.com\/leadership\/\" target=\"_blank\" rel=\"noreferrer noopener\">D\u00e9couvrez notre \u00e9quipe<\/a><\/div>\n<\/div>\n<\/div>\n<\/div>\n\n\n\n<div class=\"wp-block-group media-contact-wrapper is-layout-constrained wp-block-group-is-layout-constrained\">\n<h2 class=\"wp-block-heading\">Une carri\u00e8re qui a plus de sens.<\/h2>\n\n\n\n<p>Travailler chez Arcutis, c\u2019est avoir la chance de cro\u00eetre au sein d\u2019une entreprise stimulante qui fabrique des produits bioth\u00e9rapeutiques novateurs et qui a \u00e0 c\u0153ur de changer la vie des patients et de leurs familles.<\/p>\n\n\n\n<p>Chez nous, votre passion pour la dermatologie m\u00e9dicale et l\u2019innovation significative sont valoris\u00e9es. D\u00e9couvrez notre entreprise et notre culture, et consultez nos offres d\u2019emploi actuelles.<\/p>\n\n\n\n<div class=\"wp-block-buttons mt-3 is-layout-flex wp-block-buttons-is-layout-flex\">\n<div class=\"wp-block-button\"><a class=\"wp-block-button__link has-dark-black-color has-primary-background-color has-text-color has-background wp-element-button\" href=\"https:\/\/www.arcutis.ca\/fr\/careers\/\" rel=\"noreferrer noopener\">Joignez-vous \u00e0 Arcutis<\/a><\/div>\n<\/div>\n<\/div>\n","protected":false},"excerpt":{"rendered":"Soigner Remettre en question Innover Nous avons \u00e0 c\u0153ur les patients et les personnes qui [&hellip;]","protected":false},"author":19,"featured_media":4036,"parent":0,"menu_order":0,"comment_status":"closed","ping_status":"closed","template":"","meta":{"_relevanssi_hide_post":"","_relevanssi_hide_content":"","_relevanssi_pin_for_all":"","_relevanssi_pin_keywords":"","_relevanssi_unpin_keywords":"","_relevanssi_related_keywords":"","_relevanssi_related_include_ids":"","_relevanssi_related_exclude_ids":"","_relevanssi_related_no_append":"","_relevanssi_related_not_related":"","_relevanssi_related_posts":"4273","_relevanssi_noindex_reason":"","inline_featured_image":false,"footnotes":""},"class_list":["post-4263","page","type-page","status-publish","has-post-thumbnail","hentry"],"acf":[],"_links":{"self":[{"href":"https:\/\/www.arcutis.ca\/fr\/wp-json\/wp\/v2\/pages\/4263","targetHints":{"allow":["GET"]}}],"collection":[{"href":"https:\/\/www.arcutis.ca\/fr\/wp-json\/wp\/v2\/pages"}],"about":[{"href":"https:\/\/www.arcutis.ca\/fr\/wp-json\/wp\/v2\/types\/page"}],"author":[{"embeddable":true,"href":"https:\/\/www.arcutis.ca\/fr\/wp-json\/wp\/v2\/users\/19"}],"replies":[{"embeddable":true,"href":"https:\/\/www.arcutis.ca\/fr\/wp-json\/wp\/v2\/comments?post=4263"}],"version-history":[{"count":13,"href":"https:\/\/www.arcutis.ca\/fr\/wp-json\/wp\/v2\/pages\/4263\/revisions"}],"predecessor-version":[{"id":4762,"href":"https:\/\/www.arcutis.ca\/fr\/wp-json\/wp\/v2\/pages\/4263\/revisions\/4762"}],"wp:featuredmedia":[{"embeddable":true,"href":"https:\/\/www.arcutis.ca\/fr\/wp-json\/wp\/v2\/media\/4036"}],"wp:attachment":[{"href":"https:\/\/www.arcutis.ca\/fr\/wp-json\/wp\/v2\/media?parent=4263"}],"curies":[{"name":"wp","href":"https:\/\/api.w.org\/{rel}","templated":true}]}}