{"id":4278,"date":"2023-05-08T09:56:37","date_gmt":"2023-05-08T13:56:37","guid":{"rendered":"https:\/\/www.arcutis.ca\/our-approach-to-environment-social-and-governance\/"},"modified":"2024-08-08T10:34:55","modified_gmt":"2024-08-08T14:34:55","slug":"our-approach-to-environment-social-and-governance","status":"publish","type":"page","link":"https:\/\/www.arcutis.ca\/fr\/our-approach-to-environment-social-and-governance\/","title":{"rendered":"Notre approche en mati\u00e8re d\u2019enjeux environnementaux, sociaux et de gouvernance"},"content":{"rendered":"\n<div class=\"wp-block-columns is-layout-flex wp-container-core-columns-is-layout-9d6595d7 wp-block-columns-is-layout-flex\">\n<div class=\"wp-block-column is-layout-flow wp-block-column-is-layout-flow\">\n<figure class=\"wp-block-image size-full\"><img decoding=\"async\" src=\"https:\/\/www.arcutis.ca\/wp-content\/uploads\/2023-Arcutis-Annual-ESG-Report_Page.jpg\" alt=\"Page de couverture du rapport ESG 2022 avec un coude qui a du psoriasis.\" class=\"wp-image-4086\"\/><\/figure>\n<\/div>\n\n\n\n<div class=\"wp-block-column d-flex flex-column justify-content-center is-layout-flow wp-block-column-is-layout-flow\">\n<h2 class=\"wp-block-heading\">Voir le rapport ESG 2023<\/h2>\n\n\n\n<div class=\"wp-block-buttons mt-2 is-layout-flex wp-block-buttons-is-layout-flex\">\n<div class=\"wp-block-button esg-popup btn-download\"><a class=\"wp-block-button__link has-dark-black-color has-primary-background-color has-text-color has-background wp-element-button\" href=\"\/wp-content\/uploads\/Arcutis-Annual-ESG-Report.pdf\" title=\"Lien de t\u00e9l\u00e9chargement\" target=\"_blank\" rel=\"noreferrer noopener\">Rapport ESG<\/a><\/div>\n<\/div>\n<\/div>\n<\/div>\n\n\n\n<div class=\"wp-block-group my-5 is-layout-constrained wp-block-group-is-layout-constrained\">\n<h2 class=\"wp-block-heading\">Arcutis s\u2019est engag\u00e9e \u00e0 r\u00e9soudre les probl\u00e8mes les plus tenaces des patients en dermatologie<\/h2>\n\n\n\n<p>Avant toute chose, nous accordons une importance capitale aux gens \u2013 nos patients, les fournisseurs de soins de sant\u00e9, nos \u00e9quipes et l\u2019ensemble de la collectivit\u00e9.<\/p>\n\n\n\n<p>Diversit\u00e9, \u00e9quit\u00e9 et inclusion font partie des valeurs fondamentales imbriqu\u00e9es dans toutes nos pratiques, qu\u2019il s\u2019agisse d\u2019embauche ou d\u2019essais cliniques. Nous prisons la diversit\u00e9 des points de vue, car c\u2019est ce qui nous permet d\u2019obtenir de meilleurs r\u00e9sultats pour nos patients, nos fournisseurs, nos employ\u00e9s et le monde dans lequel nous vivons.<\/p>\n\n\n\n<p>Nous aspirons \u00e0 \u00eatre une entreprise citoyenne du monde exemplaire. Ce d\u00e9sir r\u00e9git notre conduite, et nous nous effor\u00e7ons d\u2019agir conform\u00e9ment \u00e0 nos objectifs. Nous respectons dans toutes nos activit\u00e9s des normes \u00e9thiques strictes fermement ancr\u00e9es dans notre culture.<\/p>\n\n\n\n<p>En exer\u00e7ant nos activit\u00e9s de mani\u00e8re responsable sur les plans social, \u00e9thique et environnemental, nous contribuons au monde de fa\u00e7on positive et multidimensionnelle. Tout en s\u2019employant \u00e0 d\u00e9velopper et \u00e0 am\u00e9liorer son programme ESG, Arcutis s\u2019est engag\u00e9e \u00e0 rendre compte \u00e0 ses parties prenantes de toute l\u2019information pertinente en mati\u00e8re de durabilit\u00e9. Pour en savoir davantage au sujet de nos pratiques et initiatives relatives aux enjeux ESG, consultez notre <a class=\"esg-popup\" href=\"\/wp-content\/uploads\/Arcutis-Annual-ESG-Report.pdf\"><strong>rapport ESG 2023<\/strong><\/a>.<\/p>\n<\/div>\n\n\n\n<div class=\"wp-block-group has-background has-primary-background-color my-5 is-layout-constrained wp-block-group-is-layout-constrained\">\n<div class=\"wp-block-columns py-5 is-layout-flex wp-container-core-columns-is-layout-9d6595d7 wp-block-columns-is-layout-flex\">\n<div class=\"wp-block-column is-layout-flow wp-block-column-is-layout-flow\">\n<h2 class=\"wp-block-heading\">Notre approche en mati\u00e8re de responsabilit\u00e9 sociale de l\u2019entreprise<\/h2>\n<\/div>\n\n\n\n<div class=\"wp-block-column d-flex flex-column justify-content-center is-layout-flow wp-block-column-is-layout-flow\">\n<p>Nous nous effor\u00e7ons de r\u00e9duire le plus possible notre empreinte \u00e9cologique et de choisir des fournisseurs respectueux de l\u2019environnement.<\/p>\n<\/div>\n<\/div>\n<\/div>\n\n\n\n<div class=\"wp-block-columns my-5 is-layout-flex wp-container-core-columns-is-layout-9d6595d7 wp-block-columns-is-layout-flex\">\n<div class=\"wp-block-column is-layout-flow wp-block-column-is-layout-flow\">\n<figure class=\"wp-block-image size-full\"><img loading=\"lazy\" decoding=\"async\" width=\"540\" height=\"407\" src=\"https:\/\/www.arcutis.ca\/wp-content\/uploads\/woman-of-colour-with-skin-disease.jpg\" alt=\"Femme de couleur atteinte d\u2019une maladie de la peau\" class=\"wp-image-4110\"\/><\/figure>\n<\/div>\n\n\n\n<div class=\"wp-block-column is-layout-flow wp-block-column-is-layout-flow\">\n<h2 class=\"wp-block-heading pt-3\">Notre engagement \u00e0 l\u2019\u00e9gard de la diversit\u00e9 et de l\u2019inclusion<\/h2>\n\n\n\n<p>Diversit\u00e9, \u00e9quit\u00e9 et inclusion font partie des valeurs fondamentales imbriqu\u00e9es dans toutes nos pratiques, qu\u2019il s\u2019agisse d\u2019embauche ou d\u2019essais cliniques. Nous prisons la diversit\u00e9 des points de vue, car c\u2019est ce qui nous permet d\u2019obtenir de meilleurs r\u00e9sultats pour nos patients, nos fournisseurs, nos employ\u00e9s et le monde dans lequel nous vivons.<\/p>\n\n\n\n<div class=\"wp-block-buttons is-layout-flex wp-block-buttons-is-layout-flex\">\n<div class=\"wp-block-button mt-3\"><a class=\"wp-block-button__link has-dark-black-color has-primary-background-color has-text-color has-background wp-element-button\" href=\"https:\/\/www.arcutis.ca\/fr\/notre-approche-en-matiere-dessais-cliniques\/\">Notre approche en mati\u00e8re d\u2019essais cliniques<\/a><\/div>\n<\/div>\n<\/div>\n<\/div>\n","protected":false},"excerpt":{"rendered":"Voir le rapport ESG 2023 Arcutis s\u2019est engag\u00e9e \u00e0 r\u00e9soudre les probl\u00e8mes les plus tenaces [&hellip;]","protected":false},"author":19,"featured_media":0,"parent":0,"menu_order":0,"comment_status":"closed","ping_status":"closed","template":"","meta":{"_relevanssi_hide_post":"","_relevanssi_hide_content":"","_relevanssi_pin_for_all":"","_relevanssi_pin_keywords":"","_relevanssi_unpin_keywords":"","_relevanssi_related_keywords":"","_relevanssi_related_include_ids":"","_relevanssi_related_exclude_ids":"","_relevanssi_related_no_append":"","_relevanssi_related_not_related":"","_relevanssi_related_posts":"4249","_relevanssi_noindex_reason":"","inline_featured_image":false,"footnotes":""},"class_list":["post-4278","page","type-page","status-publish","hentry"],"acf":[],"_links":{"self":[{"href":"https:\/\/www.arcutis.ca\/fr\/wp-json\/wp\/v2\/pages\/4278","targetHints":{"allow":["GET"]}}],"collection":[{"href":"https:\/\/www.arcutis.ca\/fr\/wp-json\/wp\/v2\/pages"}],"about":[{"href":"https:\/\/www.arcutis.ca\/fr\/wp-json\/wp\/v2\/types\/page"}],"author":[{"embeddable":true,"href":"https:\/\/www.arcutis.ca\/fr\/wp-json\/wp\/v2\/users\/19"}],"replies":[{"embeddable":true,"href":"https:\/\/www.arcutis.ca\/fr\/wp-json\/wp\/v2\/comments?post=4278"}],"version-history":[{"count":15,"href":"https:\/\/www.arcutis.ca\/fr\/wp-json\/wp\/v2\/pages\/4278\/revisions"}],"predecessor-version":[{"id":4769,"href":"https:\/\/www.arcutis.ca\/fr\/wp-json\/wp\/v2\/pages\/4278\/revisions\/4769"}],"wp:attachment":[{"href":"https:\/\/www.arcutis.ca\/fr\/wp-json\/wp\/v2\/media?parent=4278"}],"curies":[{"name":"wp","href":"https:\/\/api.w.org\/{rel}","templated":true}]}}