{"id":4294,"date":"2023-05-08T10:45:19","date_gmt":"2023-05-08T14:45:19","guid":{"rendered":"https:\/\/www.arcutis.ca\/innovation-significative\/plaque-psoriasis\/"},"modified":"2025-11-14T08:31:07","modified_gmt":"2025-11-14T13:31:07","slug":"psoriasis-en-plaques","status":"publish","type":"page","link":"https:\/\/www.arcutis.ca\/fr\/innovation-significative\/psoriasis-en-plaques\/","title":{"rendered":"Psoriasis en plaques"},"content":{"rendered":"\n<p class=\"pb-3 txt-90-per\"><strong>~90 %<\/strong> des personnes atteintes de psoriasis souffrent de psoriasis en plaques, caract\u00e9ris\u00e9 par\u2026<\/p>\n\n\n\n<div class=\"wp-block-columns plaque-psoriasis-row is-layout-flex wp-container-core-columns-is-layout-9d6595d7 wp-block-columns-is-layout-flex\">\n<div class=\"wp-block-column is-layout-flow wp-block-column-is-layout-flow\">\n<figure class=\"wp-block-image size-full\"><img loading=\"lazy\" decoding=\"async\" width=\"350\" height=\"263\" src=\"https:\/\/www.arcutis.ca\/wp-content\/uploads\/img-1.jpg\" alt=\"Coude d\u2019une patiente avec des plaques de psoriasis\" class=\"wp-image-4170\"\/><figcaption class=\"wp-element-caption\">Des zones de peau rouge et en relief, recouvertes d\u2019une couche argent\u00e9e ou blanche form\u00e9e de cellules de peau mortes<sup>1<\/sup><\/figcaption><\/figure>\n<\/div>\n\n\n\n<div class=\"wp-block-column is-layout-flow wp-block-column-is-layout-flow\">\n<figure class=\"wp-block-image size-full\"><img loading=\"lazy\" decoding=\"async\" width=\"600\" height=\"451\" src=\"https:\/\/www.arcutis.ca\/wp-content\/uploads\/Image_hand_1x.jpg\" alt=\"Main d\u2019un patient avec du psoriasis\" class=\"wp-image-4463\"\/><figcaption class=\"wp-element-caption\">Ces plaques peuvent prendre des tons tirant sur le gris, le violet ou le brun chez les personnes qui n\u2019ont pas la peau blanche<sup>2<\/sup><\/figcaption><\/figure>\n<\/div>\n\n\n\n<div class=\"wp-block-column is-layout-flow wp-block-column-is-layout-flow\">\n<figure class=\"wp-block-image size-full\"><img loading=\"lazy\" decoding=\"async\" width=\"350\" height=\"263\" src=\"https:\/\/www.arcutis.ca\/wp-content\/uploads\/img3.jpg\" alt=\"Patient qui tire ses cheveux vers l\u2019arri\u00e8re pour montrer le psoriasis sur son cr\u00e2ne.\" class=\"wp-image-4175\"\/><figcaption class=\"wp-element-caption\">Elles peuvent appara\u00eetre n\u2019importe o\u00f9 sur le corps, mais on les trouve habituellement sur le cuir chevelu, les genoux, les coudes, le tronc et les membres<sup>1<\/sup><\/figcaption><\/figure>\n<\/div>\n<\/div>\n\n\n\n<p class=\"pt-3\">Plus de la moiti\u00e9 des personnes qui souffrent de psoriasis pr\u00e9sentent une atteinte du cuir chevelu.<\/p>\n\n\n\n<p class=\"pt-3\">Il arrive souvent que le psoriasis en plaques d\u00e9mange, et les plaques peuvent \u00e9galement \u00eatre douloureuses. Lorsqu\u2019elles se trouvent dans certaines r\u00e9gions anatomiques, par exemple le visage, les coudes, les genoux, le cuir chevelu, les organes g\u00e9nitaux et les zones intertrigineuses (c.-\u00e0-d. les zones de contact peau contre peau), leur traitement pose des difficult\u00e9s particuli\u00e8res<sup>1<\/sup>.<\/p>\n\n\n\n<div class=\"wp-block-group has-background has-primary-background-color py-5 my-5 is-layout-constrained wp-block-group-is-layout-constrained\">\n<p>R\u00e9sultats d\u2019un sondage men\u00e9 au Canada<\/p>\n\n\n\n<div class=\"wp-block-columns is-layout-flex wp-container-core-columns-is-layout-9d6595d7 wp-block-columns-is-layout-flex\">\n<div class=\"wp-block-column is-layout-flow wp-block-column-is-layout-flow\">\n<h2 class=\"wp-block-heading\">Mise au jour des r\u00e9percussions des sympt\u00f4mes du psoriasis<\/h2>\n<\/div>\n\n\n\n<div class=\"wp-block-column is-layout-flow wp-block-column-is-layout-flow\">\n<p>Les sympt\u00f4mes du psoriasis peuvent \u00eatre l\u00e9gers, mod\u00e9r\u00e9s ou s\u00e9v\u00e8res. Ces sympt\u00f4mes ne sont toutefois pas seulement physiques; ils peuvent aussi avoir d\u2019importantes r\u00e9percussions n\u00e9gatives sur le plan \u00e9motionnel et diminuer la qualit\u00e9 de vie<sup>3<\/sup>.<\/p>\n<\/div>\n<\/div>\n<\/div>\n\n\n\n<div class=\"wp-block-group py-5 is-layout-constrained wp-block-group-is-layout-constrained\">\n<h2 class=\"wp-block-heading\">R\u00e9sultats d\u2019un sondage men\u00e9 par le R\u00e9seau canadien du psoriasis et l\u2019Association canadienne des patients atteints de psoriasis<sup>4<\/sup>*<\/h2>\n\n\n\n<p>Lorsqu\u2019on les a interrog\u00e9s sur les effets n\u00e9gatifs qu\u2019ils avaient subis au cours des derni\u00e8res ann\u00e9es dans leur vie personnelle, les r\u00e9pondants ont mentionn\u00e9 le plus souvent ce qui suit&nbsp;:<\/p>\n\n\n\n<div class=\"wp-block-group stats-row is-layout-constrained wp-block-group-is-layout-constrained\">\n<figure class=\"wp-block-image size-large\"><img decoding=\"async\" src=\"https:\/\/www.arcutis.ca\/wp-content\/uploads\/80fr.svg\" alt=\"\" class=\"wp-image-4466\"\/><figcaption class=\"wp-element-caption\">Effets n\u00e9gatifs dans <br>leur vie quotidienne<\/figcaption><\/figure>\n\n\n\n<figure class=\"wp-block-image size-large\"><img decoding=\"async\" src=\"https:\/\/www.arcutis.ca\/wp-content\/uploads\/69fr.svg\" alt=\"\" class=\"wp-image-4468\"\/><figcaption class=\"wp-element-caption\">Manque <br>d\u2019estime de soi<\/figcaption><\/figure>\n\n\n\n<figure class=\"wp-block-image size-large\"><img decoding=\"async\" src=\"https:\/\/www.arcutis.ca\/wp-content\/uploads\/58fr.svg\" alt=\"\" class=\"wp-image-4471\"\/><figcaption class=\"wp-element-caption\">Sommeil interrompu <br>ou heures de <br>sommeil perdues<\/figcaption><\/figure>\n\n\n\n<figure class=\"wp-block-image size-large\"><img decoding=\"async\" src=\"https:\/\/www.arcutis.ca\/wp-content\/uploads\/69fr.svg\" alt=\"\" class=\"wp-image-4468\"\/><figcaption class=\"wp-element-caption\">Anxi\u00e9t\u00e9<\/figcaption><\/figure>\n\n\n\n<figure class=\"wp-block-image size-large\"><img decoding=\"async\" src=\"https:\/\/www.arcutis.ca\/wp-content\/uploads\/47fr.svg\" alt=\"\" class=\"wp-image-4473\"\/><figcaption class=\"wp-element-caption\">D\u00e9pression<\/figcaption><\/figure>\n\n\n\n<figure class=\"wp-block-image size-large\"><img decoding=\"async\" src=\"https:\/\/www.arcutis.ca\/wp-content\/uploads\/46fr.svg\" alt=\"\" class=\"wp-image-4475\"\/><figcaption class=\"wp-element-caption\">\u00c9vitement de l\u2019intimit\u00e9<\/figcaption><\/figure>\n<\/div>\n\n\n\n<div class=\"wp-block-group lb-font-smaller is-layout-constrained wp-block-group-is-layout-constrained\">\n<p>* Le sondage <em>Journey to Stability<\/em> (Parcours vers la stabilit\u00e9) s\u2019est d\u00e9roul\u00e9 du 15&nbsp;septembre au 8&nbsp;novembre 2017. Au total, 286&nbsp;participants anglophones et 36&nbsp;participants francophones ont r\u00e9pondu \u00e0 un questionnaire en ligne; la majorit\u00e9 (96,5&nbsp;%) d\u2019entre eux \u00e9taient des adultes atteints de psoriasis. Les r\u00e9sultats du sondage repr\u00e9sentent uniquement les exp\u00e9riences des Canadiens qui y ont particip\u00e9. Aucun document d\u2019information n\u2019a \u00e9t\u00e9 remis aux r\u00e9pondants; les lacunes de leurs connaissances (p.&nbsp;ex., au sujet des nouveaux traitements comme les agents biologiques ou les biosimilaires) n\u2019ont donc pas \u00e9t\u00e9 prises en compte. Par ailleurs, il est possible que le sondage comporte un biais d\u2019\u00e9chantillonnage, puisque les personnes aux prises avec des probl\u00e8mes li\u00e9s au psoriasis sont plus susceptibles de r\u00e9pondre \u00e0 un tel sondage que les personnes chez lesquelles la maladie est bien ma\u00eetris\u00e9e.<\/p>\n\n\n\n<p><strong>R\u00e9f\u00e9rences<\/strong> <strong>:<\/strong><\/p>\n\n\n\n<ol style=\"list-style-type:1\" class=\"wp-block-list\">\n<li>Association canadienne de dermatologie. Psoriasis. Consult\u00e9 le 17&nbsp;f\u00e9vrier&nbsp;2023. En ligne&nbsp;: <a href=\"https:\/\/dermatologue.ca\/patients-et-grand-public\/maladies-et-affections\/affections-cutanees\/psoriasis\/\" target=\"_blank\" rel=\"noreferrer noopener\">https:\/\/dermatologue.ca\/patients-et-grand-public\/peau\/psoriasis\/<\/a>.<\/li>\n\n\n\n<li>Association canadienne des patients atteints de psoriasis. Psoriasis&nbsp;: Sympt\u00f4mes. Consult\u00e9 le 17&nbsp;f\u00e9vrier&nbsp;2023. En ligne&nbsp;: <a href=\"https:\/\/canadianpsoriasis.ca\/fr\/psoriasis-fr\/qu-est-ce-que-le-psoriasis\/symptomes\" target=\"_blank\" rel=\"noreferrer noopener\">https:\/\/canadianpsoriasis.ca\/fr\/psoriasis-fr\/qu-est-ce-que-le-psoriasis\/symptomes<\/a>.<\/li>\n\n\n\n<li>Bhosle MJ, Kulkarni A, Feldman SR, <em>et al<\/em>. Quality of life in patients with psoriasis. <em>Health Qual Life Outcomes<\/em>. 2006;4:35.<\/li>\n\n\n\n<li>Association canadienne des patients atteints de psoriasis et R\u00e9seau canadien du psoriasis. Psoriasis: Journey to Stability. Consult\u00e9 le 17 f\u00e9vrier 2023. En ligne : <a href=\"https:\/\/www.canadianpsoriasisnetwork.com\/wp-content\/uploads\/2018\/09\/JTSFinal-r.pdf\" target=\"_blank\" rel=\"noreferrer noopener\">https:\/\/www.canadianpsoriasisnetwork.com\/wp-content\/uploads\/2018\/09\/JTSFinal-r.pdf<\/a><\/li>\n<\/ol>\n<\/div>\n<\/div>\n","protected":false},"excerpt":{"rendered":"~90 % des personnes atteintes de psoriasis souffrent de psoriasis en plaques, caract\u00e9ris\u00e9 par\u2026 Plus [&hellip;]","protected":false},"author":19,"featured_media":0,"parent":3769,"menu_order":0,"comment_status":"closed","ping_status":"closed","template":"template-no-header.php","meta":{"_relevanssi_hide_post":"","_relevanssi_hide_content":"","_relevanssi_pin_for_all":"","_relevanssi_pin_keywords":"","_relevanssi_unpin_keywords":"","_relevanssi_related_keywords":"","_relevanssi_related_include_ids":"","_relevanssi_related_exclude_ids":"","_relevanssi_related_no_append":"","_relevanssi_related_not_related":"","_relevanssi_related_posts":"4273","_relevanssi_noindex_reason":"","inline_featured_image":false,"footnotes":""},"class_list":["post-4294","page","type-page","status-publish","hentry"],"acf":[],"_links":{"self":[{"href":"https:\/\/www.arcutis.ca\/fr\/wp-json\/wp\/v2\/pages\/4294","targetHints":{"allow":["GET"]}}],"collection":[{"href":"https:\/\/www.arcutis.ca\/fr\/wp-json\/wp\/v2\/pages"}],"about":[{"href":"https:\/\/www.arcutis.ca\/fr\/wp-json\/wp\/v2\/types\/page"}],"author":[{"embeddable":true,"href":"https:\/\/www.arcutis.ca\/fr\/wp-json\/wp\/v2\/users\/19"}],"replies":[{"embeddable":true,"href":"https:\/\/www.arcutis.ca\/fr\/wp-json\/wp\/v2\/comments?post=4294"}],"version-history":[{"count":19,"href":"https:\/\/www.arcutis.ca\/fr\/wp-json\/wp\/v2\/pages\/4294\/revisions"}],"predecessor-version":[{"id":5286,"href":"https:\/\/www.arcutis.ca\/fr\/wp-json\/wp\/v2\/pages\/4294\/revisions\/5286"}],"up":[{"embeddable":true,"href":"https:\/\/www.arcutis.ca\/fr\/wp-json\/wp\/v2\/pages\/3769"}],"wp:attachment":[{"href":"https:\/\/www.arcutis.ca\/fr\/wp-json\/wp\/v2\/media?parent=4294"}],"curies":[{"name":"wp","href":"https:\/\/api.w.org\/{rel}","templated":true}]}}