{"id":4532,"date":"2023-10-11T14:28:04","date_gmt":"2023-10-11T18:28:04","guid":{"rendered":"https:\/\/www.arcutis.ca\/?page_id=4532"},"modified":"2023-10-12T14:47:04","modified_gmt":"2023-10-12T18:47:04","slug":"accessibilite","status":"publish","type":"page","link":"https:\/\/www.arcutis.ca\/fr\/accessibilite\/","title":{"rendered":"Engagement en mati\u00e8re d&rsquo;accessibilit\u00e9"},"content":{"rendered":"\n<p>Arcutis Canada, Inc. s\u2019engage \u00e0 traiter toutes les personnes d\u2019une mani\u00e8re qui leur permet de garder la dignit\u00e9 et l\u2019autonomie. Nous croyons en l\u2019int\u00e9gration et en l\u2019\u00e9galit\u00e9 des chances. Nous nous engageons \u00e0 respecter les besoins des personnes handicap\u00e9es en pr\u00e9venant et en \u00e9liminant les obstacles \u00e0 l\u2019accessibilit\u00e9 et en respectant les exigences en mati\u00e8re d\u2019accessibilit\u00e9 \u00e9nonc\u00e9es dans les lois ontariennes sur l\u2019accessibilit\u00e9.<\/p>\n\n\n\n<p>Nous communiquerons avec les personnes handicap\u00e9es et nous leur offrirons des renseignements d\u2019une mani\u00e8re qui tient compte de leur handicap. Sur demande, nous offrirons des renseignements et du mat\u00e9riel de communication dans des formats accessibles ou avec des aides \u00e0 la communication.<\/p>\n\n\n\n<p>Nous visons l\u2019excellence afin d\u2019offrir des biens, des services et un acc\u00e8s \u00e0 nos installations pour tous nos clients, y compris les personnes handicap\u00e9es. Nos politiques d\u2019accessibilit\u00e9 de notre service \u00e0 la client\u00e8le sont fond\u00e9es sur les principes de dignit\u00e9, d\u2019autonomie, d\u2019int\u00e9gration et d\u2019\u00e9galit\u00e9 des chances pour les personnes handicap\u00e9es.<\/p>\n\n\n\n<p>Nous informerons notre personnel, les candidats potentiels et le grand public que des mesures d\u2019adaptation peuvent \u00eatre mises en place au cours du processus de recrutement et d\u2019embauche. Nous informerons notre personnel qu\u2019un soutien est disponible pour les personnes handicap\u00e9es.<\/p>\n\n\n\n<p>Nous nous engageons \u00e0 \u00e9laborer des plans avec des mesures d\u2019adaptation individualis\u00e9es pour notre personnel, et nous offrirons des renseignements individualis\u00e9s sur les situations d\u2019urgence, afin d\u2019aider les personnes handicap\u00e9es en cas d\u2019urgence. Nous nous engageons \u00e0 adopter des pratiques d\u2019emploi \u00e9quitables et accessibles.<\/p>\n\n\n\n<p>Nous nous engageons \u00e0 offrir aux employ\u00e9s et aux b\u00e9n\u00e9voles une formation sur les lois ontariennes en mati\u00e8re d\u2019accessibilit\u00e9 et sur les sections du Code des droits de la personne portant sur les personnes handicap\u00e9es, ainsi qu\u2019une formation sur l\u2019accessibilit\u00e9 adapt\u00e9e \u00e0 leur r\u00f4le.<\/p>\n\n\n\n<p>Vos commentaires sur nos pratiques en mati\u00e8re d\u2019accessibilit\u00e9 sont les bienvenus, et peuvent \u00eatre communiqu\u00e9s verbalement ou par \u00e9crit. Les commentaires peuvent \u00eatre envoy\u00e9s \u00e0 l\u2019adresse <a href=\"mailto:accessibility@arcutis.com\">accessibility@arcutis.com<\/a>.<\/p>\n\n\n\n<p>Nous modifierons ou annulerons toute politique, toute pratique ou tout processus qui ne respecte pas la dignit\u00e9 et l\u2019autonomie des personnes handicap\u00e9es et n\u2019en fait pas la promotion.<\/p>\n\n\n\n<p><em>Derni\u00e8re mise \u00e0 jour : 1er octobre 2023<\/em><\/p>\n","protected":false},"excerpt":{"rendered":"Arcutis Canada, Inc. s\u2019engage \u00e0 traiter toutes les personnes d\u2019une mani\u00e8re qui leur permet de [&hellip;]","protected":false},"author":19,"featured_media":0,"parent":0,"menu_order":0,"comment_status":"closed","ping_status":"closed","template":"narrow-column.php","meta":{"_relevanssi_hide_post":"","_relevanssi_hide_content":"","_relevanssi_pin_for_all":"","_relevanssi_pin_keywords":"","_relevanssi_unpin_keywords":"","_relevanssi_related_keywords":"","_relevanssi_related_include_ids":"","_relevanssi_related_exclude_ids":"","_relevanssi_related_no_append":"","_relevanssi_related_not_related":"","_relevanssi_related_posts":"4273","_relevanssi_noindex_reason":"","inline_featured_image":false,"footnotes":""},"class_list":["post-4532","page","type-page","status-publish","hentry"],"acf":[],"_links":{"self":[{"href":"https:\/\/www.arcutis.ca\/fr\/wp-json\/wp\/v2\/pages\/4532","targetHints":{"allow":["GET"]}}],"collection":[{"href":"https:\/\/www.arcutis.ca\/fr\/wp-json\/wp\/v2\/pages"}],"about":[{"href":"https:\/\/www.arcutis.ca\/fr\/wp-json\/wp\/v2\/types\/page"}],"author":[{"embeddable":true,"href":"https:\/\/www.arcutis.ca\/fr\/wp-json\/wp\/v2\/users\/19"}],"replies":[{"embeddable":true,"href":"https:\/\/www.arcutis.ca\/fr\/wp-json\/wp\/v2\/comments?post=4532"}],"version-history":[{"count":10,"href":"https:\/\/www.arcutis.ca\/fr\/wp-json\/wp\/v2\/pages\/4532\/revisions"}],"predecessor-version":[{"id":4564,"href":"https:\/\/www.arcutis.ca\/fr\/wp-json\/wp\/v2\/pages\/4532\/revisions\/4564"}],"wp:attachment":[{"href":"https:\/\/www.arcutis.ca\/fr\/wp-json\/wp\/v2\/media?parent=4532"}],"curies":[{"name":"wp","href":"https:\/\/api.w.org\/{rel}","templated":true}]}}