{"id":4899,"date":"2024-09-12T12:07:13","date_gmt":"2024-09-12T16:07:13","guid":{"rendered":"https:\/\/www.arcutis.ca\/?page_id=4899"},"modified":"2025-12-12T12:33:18","modified_gmt":"2025-12-12T17:33:18","slug":"zoryve-creme","status":"publish","type":"page","link":"https:\/\/www.arcutis.ca\/fr\/produits\/zoryve-creme\/","title":{"rendered":"ZORYVE (cr\u00e8me de roflumilast) \u00e0 0,3\u00a0% et 0,15\u00a0%"},"content":{"rendered":"\n<div class=\"wp-block-columns products-page-coming-soon is-layout-flex wp-container-core-columns-is-layout-9d6595d7 wp-block-columns-is-layout-flex\">\n<div class=\"wp-block-column is-layout-flow wp-block-column-is-layout-flow\">\n<figure class=\"wp-block-image size-large is-resized\">\n    <a href=\"https:\/\/www.arcutis.ca\/fr\/programme-daide-aux-patients\/\" aria-label=\"Visitez le Programme d'Aide aux Patients d'Arcutis\">\n        <img decoding=\"async\" src=\"https:\/\/www.arcutis.ca\/wp-content\/uploads\/\/Zoryve_Canada_Pr_TM_Logo_Blue_Yellow_NEW_STACK_RGB_F.svg\" alt=\"Logo d'Arcutis\" class=\"wp-image-4499\" width=\"380\"\/>\n    <\/a>\n<\/figure>\n\n\n\n<figure class=\"wp-block-image size-large is-resized\">\n    <a href=\"https:\/\/www.arcutis.ca\/fr\/programme-daide-aux-patients\/\" aria-label=\"Visitez le Programme d'Aide aux Patients d'Arcutis\">\n        <img decoding=\"async\" src=\"\/wp-content\/uploads\/ZORYVE_CAN_Cream_RGB_0-15_F.png\" alt=\"Logo d'Arcutis\" class=\"wp-image-4499\" width=\"380\"\/>\n    <\/a>\n<\/figure>\n\n\n\n<div class=\"my-3\"><a target=\"_blank\" title=\"lien externe\" href=\"\/zoryve-pm-fr\" class=\"wp-block-button__link has-dark-black-color has-primary-background-color has-text-color has-background wp-element-button btn btn-download\" rel=\"noopener\">Monographie du produit<\/a><\/div>\n<div class=\"mb-5\"><a target=\"_blank\" title=\"lien externe\" href=\"\/wp-content\/uploads\/RenseignementsDestinesPatients.pdf\" class=\"wp-block-button__link has-dark-black-color has-primary-background-color has-text-color has-background wp-element-button btn btn-download\" rel=\"noopener\">Renseignements destin\u00e9s aux patients<\/a><\/div>\n<div class=\"my-3\" style=\"font-size: 13px\">Dans le cadre de notre engagement en faveur de l&rsquo;\u00e9limination responsable des m\u00e9dicaments, nous sommes fiers de soutenir les programmes de r\u00e9cup\u00e9ration des m\u00e9dicaments ger\u00e9 par l\u2019Association pour la r\u00e9cup\u00e9ration de produits sant\u00e9. Ces programmes offrent aux consommateurs un moyen s\u00fbr et pratique d\u2019\u00e9liminer des m\u00e9dicaments m\u00e9nagers inutilis\u00e9s ou p\u00e9rim\u00e9s d&rsquo;une mani\u00e8re respectueuse de l&rsquo;environnement.<br\/><br\/>\nPour en savoir plus sur le stockage et la gestion appropri\u00e9s des produits pharmaceutiques ou pour trouver un point de collecte pr\u00e8s de chez vous, nous vous encourageons \u00e0 visiter le site Web de l\u2019ARPS. <a href=\"https:\/\/arpsante.ca\/\" target=\"_blank\" rel=\"noopener\">arpsante.ca<\/a> \n<figure class=\"wp-block-image size-small is-resized\" style=\"margin-top:10px\">\n \n        <img decoding=\"async\" src=\"https:\/\/www.arcutis.ca\/wp-content\/uploads\/HPSA_FR.png\"  width=\"225\"\/>\n    \n<\/figure>\n<\/div>\n<\/div>\n\n\n\n<div class=\"wp-block-column is-layout-flow wp-block-column-is-layout-flow\"><\/div>\n<\/div>\n","protected":false},"excerpt":{"rendered":"Monographie du produit Renseignements destin\u00e9s aux patients Dans le cadre de notre engagement en faveur [&hellip;]","protected":false},"author":17,"featured_media":0,"parent":3783,"menu_order":0,"comment_status":"closed","ping_status":"closed","template":"","meta":{"_relevanssi_hide_post":"","_relevanssi_hide_content":"","_relevanssi_pin_for_all":"","_relevanssi_pin_keywords":"","_relevanssi_unpin_keywords":"","_relevanssi_related_keywords":"","_relevanssi_related_include_ids":"","_relevanssi_related_exclude_ids":"","_relevanssi_related_no_append":"","_relevanssi_related_not_related":"","_relevanssi_related_posts":"4576,4273,4723","_relevanssi_noindex_reason":"","inline_featured_image":false,"footnotes":""},"class_list":["post-4899","page","type-page","status-publish","hentry"],"acf":[],"_links":{"self":[{"href":"https:\/\/www.arcutis.ca\/fr\/wp-json\/wp\/v2\/pages\/4899","targetHints":{"allow":["GET"]}}],"collection":[{"href":"https:\/\/www.arcutis.ca\/fr\/wp-json\/wp\/v2\/pages"}],"about":[{"href":"https:\/\/www.arcutis.ca\/fr\/wp-json\/wp\/v2\/types\/page"}],"author":[{"embeddable":true,"href":"https:\/\/www.arcutis.ca\/fr\/wp-json\/wp\/v2\/users\/17"}],"replies":[{"embeddable":true,"href":"https:\/\/www.arcutis.ca\/fr\/wp-json\/wp\/v2\/comments?post=4899"}],"version-history":[{"count":19,"href":"https:\/\/www.arcutis.ca\/fr\/wp-json\/wp\/v2\/pages\/4899\/revisions"}],"predecessor-version":[{"id":5299,"href":"https:\/\/www.arcutis.ca\/fr\/wp-json\/wp\/v2\/pages\/4899\/revisions\/5299"}],"up":[{"embeddable":true,"href":"https:\/\/www.arcutis.ca\/fr\/wp-json\/wp\/v2\/pages\/3783"}],"wp:attachment":[{"href":"https:\/\/www.arcutis.ca\/fr\/wp-json\/wp\/v2\/media?parent=4899"}],"curies":[{"name":"wp","href":"https:\/\/api.w.org\/{rel}","templated":true}]}}