{"id":5069,"date":"2025-01-20T13:48:56","date_gmt":"2025-01-20T18:48:56","guid":{"rendered":"https:\/\/www.arcutis.ca\/?page_id=5069"},"modified":"2025-02-25T20:44:24","modified_gmt":"2025-02-26T01:44:24","slug":"dermatite-atopique","status":"publish","type":"page","link":"https:\/\/www.arcutis.ca\/fr\/innovation-significative\/dermatite-atopique\/","title":{"rendered":"La dermatite atopique"},"content":{"rendered":"\n<p class=\"wp-block-group lb-font-smaller\"><strong>R\u00e9f\u00e9rences<\/strong> <strong>:<\/strong><\/p>\n\n\n\n<ol style=\"list-style-type:1\" class=\"wp-block-list\">\n<li class=\"wp-block-group lb-font-smaller\">Association canadienne de dermatologie. Ecz\u00e9ma. Consult\u00e9 le 24 f\u00e9vrier 2025. En ligne : <a href=\"https:\/\/dermatologue.ca\/patients-et-grand-public\/maladies-et-affections\/affections-cutanees\/eczema\/\" target=\"_blank\" rel=\"noreferrer noopener\">https:\/\/dermatologue.ca\/patients-et-grand-public\/maladies-et-affections\/affections-cutanees\/eczema\/<\/a>.<\/li>\n<\/ol>\n\n\n\n<p><\/p>\n","protected":false},"excerpt":{"rendered":"R\u00e9f\u00e9rences :","protected":false},"author":21,"featured_media":0,"parent":3769,"menu_order":0,"comment_status":"closed","ping_status":"closed","template":"template-no-header.php","meta":{"_relevanssi_hide_post":"","_relevanssi_hide_content":"","_relevanssi_pin_for_all":"","_relevanssi_pin_keywords":"","_relevanssi_unpin_keywords":"","_relevanssi_related_keywords":"","_relevanssi_related_include_ids":"","_relevanssi_related_exclude_ids":"","_relevanssi_related_no_append":"","_relevanssi_related_not_related":"","_relevanssi_related_posts":"4273,5017,4576,4723","_relevanssi_noindex_reason":"","inline_featured_image":false,"footnotes":""},"class_list":["post-5069","page","type-page","status-publish","hentry"],"acf":[],"_links":{"self":[{"href":"https:\/\/www.arcutis.ca\/fr\/wp-json\/wp\/v2\/pages\/5069","targetHints":{"allow":["GET"]}}],"collection":[{"href":"https:\/\/www.arcutis.ca\/fr\/wp-json\/wp\/v2\/pages"}],"about":[{"href":"https:\/\/www.arcutis.ca\/fr\/wp-json\/wp\/v2\/types\/page"}],"author":[{"embeddable":true,"href":"https:\/\/www.arcutis.ca\/fr\/wp-json\/wp\/v2\/users\/21"}],"replies":[{"embeddable":true,"href":"https:\/\/www.arcutis.ca\/fr\/wp-json\/wp\/v2\/comments?post=5069"}],"version-history":[{"count":11,"href":"https:\/\/www.arcutis.ca\/fr\/wp-json\/wp\/v2\/pages\/5069\/revisions"}],"predecessor-version":[{"id":5148,"href":"https:\/\/www.arcutis.ca\/fr\/wp-json\/wp\/v2\/pages\/5069\/revisions\/5148"}],"up":[{"embeddable":true,"href":"https:\/\/www.arcutis.ca\/fr\/wp-json\/wp\/v2\/pages\/3769"}],"wp:attachment":[{"href":"https:\/\/www.arcutis.ca\/fr\/wp-json\/wp\/v2\/media?parent=5069"}],"curies":[{"name":"wp","href":"https:\/\/api.w.org\/{rel}","templated":true}]}}